{"id":2,"date":"2026-02-21T20:34:22","date_gmt":"2026-02-21T20:34:22","guid":{"rendered":"https:\/\/weband06.bodrix.eu\/?page_id=2"},"modified":"2026-02-26T18:41:43","modified_gmt":"2026-02-26T18:41:43","slug":"can","status":"publish","type":"page","link":"https:\/\/weband06.bodrix.eu\/index.php\/can\/","title":{"rendered":"CAN"},"content":{"rendered":"<div class=\"wpb-content-wrapper\"><p>[vc_row][vc_column][vc_column_text]<\/p>\n<h3>Les origines de nos participants<\/h3>\n<p>Comme on aurait pu s\u2019y attendre, les Congolais repr\u00e9sentaient une petite majorit\u00e9, suivis par les Camerounais, les Burundais, les Marocains, les Ivoiriens, les ressortissants de Guin\u00e9e ainsi que ceux de la Guin\u00e9e-Bissau. D\u2019autres ont simplement r\u00e9pondu qu\u2019ils \u00e9taient Belges.[\/vc_column_text][vc_empty_space][\/vc_column][\/vc_row][vc_row][vc_column][vc_column_text]<\/p>\n<h3>Une jeunesse mobilis\u00e9e<\/h3>\n<p>Sur les 32 r\u00e9pondants, majoritairement des gar\u00e7ons, \u00e2g\u00e9s de 15 \u00e0 18 ans, pr\u00e8s de neuf sur dix d\u00e9clarent avoir suivi la derni\u00e8re CAN. Le niveau d\u2019int\u00e9r\u00eat exprim\u00e9 est globalement \u00e9lev\u00e9 : beaucoup se disent \u00ab int\u00e9ress\u00e9s \u00bb ou \u00ab tr\u00e8s int\u00e9ress\u00e9s \u00bb par la comp\u00e9tition.<\/p>\n<p>Ce premier constat confirme que la CAN demeure un rendez-vous important pour les fans de foot africains. Bien plus qu\u2019un simple tournoi, elle constitue un moment de connexion avec le continent, les racines et l\u2019actualit\u00e9 africaine.[\/vc_column_text][vc_empty_space][\/vc_column][\/vc_row][vc_row][vc_column][vc_column_text]<\/p>\n<h3>Fiert\u00e9 nationale et sentiment d\u2019appartenance<\/h3>\n<p>\u00c0 la question de savoir si la CAN renforce le sentiment d\u2019appartenance au pays d\u2019origine, la moiti\u00e9 des r\u00e9pondants r\u00e9pondent clairement que \u00ab oui \u00bb, tandis que d\u2019autres se montrent plus nuanc\u00e9s. Selon les participants, les raisons \u00e9voqu\u00e9es sont souvent li\u00e9es \u00e0 la comp\u00e9tition avec les autres pays africains et au sentiment de fiert\u00e9 de voir son \u00e9quipe gagner. Il y a aussi les notions de rassemblement sous une m\u00eame banni\u00e8re, de fraternit\u00e9, de partage d\u2019\u00e9motions et de culture.<\/p>\n<p><em>\u00ab C\u2019est pas tous les jours qu\u2019on peut voir des africains r\u00e9unis pour une seule raison, le foot. On est souvent r\u00e9unis pour parler politique mais pour une fois c\u2019est fun. \u00bb<\/em>[\/vc_column_text][vc_empty_space][\/vc_column][\/vc_row][vc_row][vc_column][vc_column_text]<\/p>\n<h3>Un vecteur de coh\u00e9sion\u2026 surtout par le dialogue<\/h3>\n<p>La majorit\u00e9 des participants estiment que la CAN favorise la coh\u00e9sion sociale, au moins dans une certaine mesure. Toutefois, cette coh\u00e9sion semble s\u2019exprimer principalement \u00e0 travers les \u00e9changes : discussions, d\u00e9bats, analyses des matchs, partages sur les r\u00e9seaux sociaux.<\/p>\n<p>La comp\u00e9tition cr\u00e9e du lien, alimente les conversations \u00e0 l\u2019\u00e9cole, en famille ou entre amis. M\u00eame lorsque les \u00e9quipes sont adversaires, le football permet quand m\u00eame de se rassembler autour d\u2019un m\u00eame sujet.<\/p>\n<p>Certains soulignent n\u00e9anmoins que l\u2019esprit de comp\u00e9tition peut parfois cr\u00e9er des tensions, notamment entre jeunes de nationalit\u00e9s diff\u00e9rentes. La coh\u00e9sion est donc davantage renforc\u00e9e au sein des groupes de m\u00eame nationalit\u00e9.[\/vc_column_text][vc_empty_space][\/vc_column][\/vc_row][vc_row][vc_column][vc_column_text]<\/p>\n<h3>Des amiti\u00e9s limit\u00e9es mais des moments partag\u00e9s<\/h3>\n<p>Nous nous sommes aussi demand\u00e9 si les participants avaient peut-\u00eatre pu nouer des amiti\u00e9s gr\u00e2ce \u00e0 une exp\u00e9rience li\u00e9e \u00e0 la CAN, mais peu d\u2019entre eux affirment en avoir fait.<\/p>\n<p>Cela montre que la CAN agit davantage comme un \u00ab consolidant \u00bb social que comme un d\u00e9clencheur de nouvelles relations. Elle consolide l\u2019existant plus qu\u2019elle ne transforme les r\u00e9seaux sociaux des jeunes. Toutefois, quelques-uns de nos r\u00e9pondants ont eu une exp\u00e9rience positive \u00e0 nous partager :<\/p>\n<p>\u00ab Un jour, j\u2019ai post\u00e9 une <em>story sur<\/em> la CAN et un ami d\u2019un de mes amis a r\u00e9pondu, et de l\u00e0 nous avons eu un \u00e9norme d\u00e9bat qui s\u2019est transform\u00e9 en discussion sur d\u2019autres sujets et depuis on arr\u00eate pas de se parler. \u00bb<\/p>\n<p><em>\u00ab Pendant le blocus\u00b2, la RDC jouait, nous avons pris le temps de regarder le match en \u00e9tant \u00e0 la biblioth\u00e8que. Nous \u00e9tions environ 7 jeunes et \u00e7a nous a permis de faire une pause dans notre \u00e9tude et de pouvoir rigoler avec les gens. (On ne se connaissait pas tous mais la CAN nous a rassembl\u00e9s.) \u00bb<\/em>[\/vc_column_text][vc_empty_space][\/vc_column][\/vc_row][vc_row][vc_column][vc_column_text]<\/p>\n<h3>Une couverture m\u00e9diatique jug\u00e9e correcte, mais perfectible<\/h3>\n<p>[\/vc_column_text][\/vc_column][\/vc_row][vc_row][vc_column]<div class=\"grve-element grve-image grve-align-center\" style=\"\"><img loading=\"lazy\" decoding=\"async\" width=\"772\" height=\"422\" src=\"https:\/\/weband06.bodrix.eu\/wp-content\/uploads\/2026\/02\/Graph1.png\" class=\"attachment-full size-full\" alt=\"\" srcset=\"https:\/\/weband06.bodrix.eu\/wp-content\/uploads\/2026\/02\/Graph1.png 772w, https:\/\/weband06.bodrix.eu\/wp-content\/uploads\/2026\/02\/Graph1-300x164.png 300w, https:\/\/weband06.bodrix.eu\/wp-content\/uploads\/2026\/02\/Graph1-768x420.png 768w\" sizes=\"auto, (max-width: 772px) 100vw, 772px\" \/><\/div>[\/vc_column][\/vc_row][vc_row][vc_column][vc_column_text]La couverture m\u00e9diatique est majoritairement \u00e9valu\u00e9e comme \u00ab bonne \u00bb. Plusieurs jeunes notent un meilleur acc\u00e8s aux m\u00e9dias africains et aux retransmissions qu\u2019avant.<\/p>\n<p>Cependant, certains pointent une visibilit\u00e9 encore insuffisante en Belgique, en comparaison avec les grandes comp\u00e9titions europ\u00e9ennes. Cette perception souligne un enjeu important : la reconnaissance m\u00e9diatique des \u00e9v\u00e9nements sportifs africains dans l\u2019espace occidental.<\/p>\n<p><em>\u00ab J\u2019en ai beaucoup entendu parler sur Tiktok<sup>3<\/sup>, mais c\u2019\u00e9taient les supporters qui postaient leurs r\u00e9actions, etc. Je pense que l\u2019on aurait d\u00fb plus en parler sur les grands m\u00e9dias europ\u00e9ens car bcp de leurs \u00e9quipes p\u00eachent des joueurs en Afrique. \u00bb<\/em>[\/vc_column_text][vc_empty_space][\/vc_column][\/vc_row][vc_row][vc_column][vc_column_text]<\/p>\n<h3>La CAN, plus qu\u2019un tournoi<\/h3>\n<p>Au-del\u00e0 des quelques r\u00e9ponses que nous avons r\u00e9colt\u00e9es, cette enqu\u00eate r\u00e9v\u00e8le que pour les jeunes de la diaspora, la CAN peut globalement \u00eatre consid\u00e9r\u00e9e comme un moment d\u2019affirmation identitaire, de fiert\u00e9 et de partage.<\/p>\n<p>Dans un contexte o\u00f9 les jeunes naviguent entre plusieurs cultures, la comp\u00e9tition joue un r\u00f4le symbolique essentiel. Elle rappelle les racines, valorise les talents africains et offre un espace d\u2019expression collective.<\/p>\n<p>La CAN n\u2019est donc pas seulement un \u00e9v\u00e9nement sportif. Elle est un rendez-vous \u00e9motionnel, culturel et social ; un moment o\u00f9, le temps d\u2019un match, la diaspora d\u2019Afrique bat au rythme du continent.[\/vc_column_text][\/vc_column][\/vc_row][vc_row][vc_column][vc_empty_space][\/vc_column][\/vc_row][vc_row][vc_column]<blockquote class=\"grve-element\" style=\"\"><p>In\u00e8s Kabwit Njimbu , \u00e9tudiante \u00e0 l\u2019UCL<br \/>\nPour Sauti Yetu<\/p><\/blockquote>[\/vc_column][\/vc_row][vc_row][vc_column][vc_empty_space][\/vc_column][\/vc_row][vc_row][vc_column]<div class=\"grve-element grve-hr grve-line-divider\" style=\"\"><\/div>[vc_column_text]<sup>1<\/sup> <em>Story <\/em>: courte publication photo ou vid\u00e9o expirant 24h apr\u00e8s sa mise en ligne sur les r\u00e9seaux sociaux comme Instagram et Facebook.<br \/>\n<sup>2<\/sup> <em>Blocus <\/em>: nom commun\u00e9ment utilis\u00e9 en Belgique pour d\u00e9signer une p\u00e9riode d\u2019\u00e9tude intensive avant les examens en \u00e9tudes sup\u00e9rieures.<br \/>\n<sup>3<\/sup> <em>Tiktok <\/em>: R\u00e9seau social[\/vc_column_text][\/vc_column][\/vc_row]<\/p>\n<\/div>","protected":false},"excerpt":{"rendered":"<p>[vc_row][vc_column][vc_column_text] Les origines de nos participants Comme on aurait pu s\u2019y attendre, les Congolais repr\u00e9sentaient une petite majorit\u00e9, suivis par les Camerounais, les Burundais, les Marocains, les Ivoiriens, les ressortissants de Guin\u00e9e ainsi que ceux de la Guin\u00e9e-Bissau. D\u2019autres ont simplement r\u00e9pondu qu\u2019ils \u00e9taient Belges.[\/vc_column_text][vc_empty_space][\/vc_column][\/vc_row][vc_row][vc_column][vc_column_text] Une jeunesse mobilis\u00e9e Sur les 32 r\u00e9pondants, majoritairement des gar\u00e7ons, [&hellip;]<\/p>\n","protected":false},"author":1,"featured_media":0,"parent":0,"menu_order":0,"comment_status":"closed","ping_status":"open","template":"","meta":{"footnotes":""},"class_list":["post-2","page","type-page","status-publish","hentry"],"_links":{"self":[{"href":"https:\/\/weband06.bodrix.eu\/index.php\/wp-json\/wp\/v2\/pages\/2","targetHints":{"allow":["GET"]}}],"collection":[{"href":"https:\/\/weband06.bodrix.eu\/index.php\/wp-json\/wp\/v2\/pages"}],"about":[{"href":"https:\/\/weband06.bodrix.eu\/index.php\/wp-json\/wp\/v2\/types\/page"}],"author":[{"embeddable":true,"href":"https:\/\/weband06.bodrix.eu\/index.php\/wp-json\/wp\/v2\/users\/1"}],"replies":[{"embeddable":true,"href":"https:\/\/weband06.bodrix.eu\/index.php\/wp-json\/wp\/v2\/comments?post=2"}],"version-history":[{"count":16,"href":"https:\/\/weband06.bodrix.eu\/index.php\/wp-json\/wp\/v2\/pages\/2\/revisions"}],"predecessor-version":[{"id":1773,"href":"https:\/\/weband06.bodrix.eu\/index.php\/wp-json\/wp\/v2\/pages\/2\/revisions\/1773"}],"wp:attachment":[{"href":"https:\/\/weband06.bodrix.eu\/index.php\/wp-json\/wp\/v2\/media?parent=2"}],"curies":[{"name":"wp","href":"https:\/\/api.w.org\/{rel}","templated":true}]}}