{"id":1905,"date":"2026-03-13T10:11:25","date_gmt":"2026-03-13T10:11:25","guid":{"rendered":"https:\/\/weband06.bodrix.eu\/?page_id=1905"},"modified":"2026-03-13T10:35:57","modified_gmt":"2026-03-13T10:35:57","slug":"nos-campagnes-de-solidarite","status":"publish","type":"page","link":"https:\/\/weband06.bodrix.eu\/index.php\/nos-campagnes-de-solidarite\/","title":{"rendered":"Nos campagnes de solidarit\u00e9"},"content":{"rendered":"<div class=\"wpb-content-wrapper\"><p>[vc_row][vc_column][vc_column_text]<\/p>\n<h3 style=\"text-align: center;\">Dons de mat\u00e9riel scolaire et didactique envoy\u00e9s \u00e0 Bukavu \u00e0 l\u2019EP Matendo et \u00e0 l\u2019institut de la Fraternit\u00e9.<\/h3>\n<p>[\/vc_column_text]<div class=\"grve-element grve-gallery grve-isotope grve-gallery-popup\" style=\"\" data-gutter=\"yes\" data-type=\"3-columns\" data-layout=\"masonry\"><div class=\"grve-isotope-container\"><div class=\"grve-isotope-item  grve-masonry-image\"><a href=\"https:\/\/weband06.bodrix.eu\/wp-content\/uploads\/2026\/03\/WhatsApp-Image-2026-03-11-at-19.49.07-1.jpeg\"><figure class=\"grve-image-hover grve-zoom-in\"><div class=\"grve-media grve-dark-overlay grve-opacity-60\"><img loading=\"lazy\" decoding=\"async\" width=\"560\" height=\"560\" src=\"https:\/\/weband06.bodrix.eu\/wp-content\/uploads\/2026\/03\/WhatsApp-Image-2026-03-11-at-19.49.07-1-560x560.jpeg\" class=\"attachment-grve-image-small-square size-grve-image-small-square\" alt=\"\" srcset=\"https:\/\/weband06.bodrix.eu\/wp-content\/uploads\/2026\/03\/WhatsApp-Image-2026-03-11-at-19.49.07-1-560x560.jpeg 560w, https:\/\/weband06.bodrix.eu\/wp-content\/uploads\/2026\/03\/WhatsApp-Image-2026-03-11-at-19.49.07-1-150x150.jpeg 150w, https:\/\/weband06.bodrix.eu\/wp-content\/uploads\/2026\/03\/WhatsApp-Image-2026-03-11-at-19.49.07-1-80x80.jpeg 80w\" sizes=\"auto, (max-width: 560px) 100vw, 560px\" \/><\/div><figcaption><h6 class=\"grve-title grve-dark\">WhatsApp Image 2026-03-11 at 19.49.07 (1)<\/h6><\/figcaption><\/figure><\/a><\/div><div class=\"grve-isotope-item  grve-masonry-w2\"><a href=\"https:\/\/weband06.bodrix.eu\/wp-content\/uploads\/2026\/03\/WhatsApp-Image-2026-03-11-at-19.49.07-2.jpeg\"><figure class=\"grve-image-hover grve-zoom-in\"><div class=\"grve-media grve-dark-overlay grve-opacity-60\"><img loading=\"lazy\" decoding=\"async\" width=\"560\" height=\"315\" src=\"https:\/\/weband06.bodrix.eu\/wp-content\/uploads\/2026\/03\/WhatsApp-Image-2026-03-11-at-19.49.07-2-560x315.jpeg\" class=\"attachment-grve-image-small-rect-horizontal size-grve-image-small-rect-horizontal\" alt=\"\" srcset=\"https:\/\/weband06.bodrix.eu\/wp-content\/uploads\/2026\/03\/WhatsApp-Image-2026-03-11-at-19.49.07-2-560x315.jpeg 560w, https:\/\/weband06.bodrix.eu\/wp-content\/uploads\/2026\/03\/WhatsApp-Image-2026-03-11-at-19.49.07-2-1170x658.jpeg 1170w\" sizes=\"auto, (max-width: 560px) 100vw, 560px\" \/><\/div><figcaption><h6 class=\"grve-title grve-dark\">WhatsApp Image 2026-03-11 at 19.49.07 (2)<\/h6><\/figcaption><\/figure><\/a><\/div><div class=\"grve-isotope-item  grve-masonry-image\"><a href=\"https:\/\/weband06.bodrix.eu\/wp-content\/uploads\/2026\/03\/WhatsApp-Image-2026-03-11-at-19.49.07-3.jpeg\"><figure class=\"grve-image-hover grve-zoom-in\"><div class=\"grve-media grve-dark-overlay grve-opacity-60\"><img loading=\"lazy\" decoding=\"async\" width=\"560\" height=\"560\" src=\"https:\/\/weband06.bodrix.eu\/wp-content\/uploads\/2026\/03\/WhatsApp-Image-2026-03-11-at-19.49.07-3-560x560.jpeg\" class=\"attachment-grve-image-small-square size-grve-image-small-square\" alt=\"\" srcset=\"https:\/\/weband06.bodrix.eu\/wp-content\/uploads\/2026\/03\/WhatsApp-Image-2026-03-11-at-19.49.07-3-560x560.jpeg 560w, https:\/\/weband06.bodrix.eu\/wp-content\/uploads\/2026\/03\/WhatsApp-Image-2026-03-11-at-19.49.07-3-150x150.jpeg 150w, https:\/\/weband06.bodrix.eu\/wp-content\/uploads\/2026\/03\/WhatsApp-Image-2026-03-11-at-19.49.07-3-80x80.jpeg 80w\" sizes=\"auto, (max-width: 560px) 100vw, 560px\" \/><\/div><figcaption><h6 class=\"grve-title grve-dark\">WhatsApp Image 2026-03-11 at 19.49.07 (3)<\/h6><\/figcaption><\/figure><\/a><\/div><div class=\"grve-isotope-item  grve-masonry-image\"><a href=\"https:\/\/weband06.bodrix.eu\/wp-content\/uploads\/2026\/03\/WhatsApp-Image-2026-03-11-at-19.49.07-4.jpeg\"><figure class=\"grve-image-hover grve-zoom-in\"><div class=\"grve-media grve-dark-overlay grve-opacity-60\"><img loading=\"lazy\" decoding=\"async\" width=\"560\" height=\"560\" src=\"https:\/\/weband06.bodrix.eu\/wp-content\/uploads\/2026\/03\/WhatsApp-Image-2026-03-11-at-19.49.07-4-560x560.jpeg\" class=\"attachment-grve-image-small-square size-grve-image-small-square\" alt=\"\" srcset=\"https:\/\/weband06.bodrix.eu\/wp-content\/uploads\/2026\/03\/WhatsApp-Image-2026-03-11-at-19.49.07-4-560x560.jpeg 560w, https:\/\/weband06.bodrix.eu\/wp-content\/uploads\/2026\/03\/WhatsApp-Image-2026-03-11-at-19.49.07-4-150x150.jpeg 150w, https:\/\/weband06.bodrix.eu\/wp-content\/uploads\/2026\/03\/WhatsApp-Image-2026-03-11-at-19.49.07-4-80x80.jpeg 80w\" sizes=\"auto, (max-width: 560px) 100vw, 560px\" \/><\/div><figcaption><h6 class=\"grve-title grve-dark\">WhatsApp Image 2026-03-11 at 19.49.07 (4)<\/h6><\/figcaption><\/figure><\/a><\/div><div class=\"grve-isotope-item  grve-masonry-w2\"><a href=\"https:\/\/weband06.bodrix.eu\/wp-content\/uploads\/2026\/03\/WhatsApp-Image-2026-03-11-at-19.49.07-5.jpeg\"><figure class=\"grve-image-hover grve-zoom-in\"><div class=\"grve-media grve-dark-overlay grve-opacity-60\"><img loading=\"lazy\" decoding=\"async\" width=\"560\" height=\"315\" src=\"https:\/\/weband06.bodrix.eu\/wp-content\/uploads\/2026\/03\/WhatsApp-Image-2026-03-11-at-19.49.07-5-560x315.jpeg\" class=\"attachment-grve-image-small-rect-horizontal size-grve-image-small-rect-horizontal\" alt=\"\" srcset=\"https:\/\/weband06.bodrix.eu\/wp-content\/uploads\/2026\/03\/WhatsApp-Image-2026-03-11-at-19.49.07-5-560x315.jpeg 560w, https:\/\/weband06.bodrix.eu\/wp-content\/uploads\/2026\/03\/WhatsApp-Image-2026-03-11-at-19.49.07-5-1170x658.jpeg 1170w\" sizes=\"auto, (max-width: 560px) 100vw, 560px\" \/><\/div><figcaption><h6 class=\"grve-title grve-dark\">WhatsApp Image 2026-03-11 at 19.49.07 (5)<\/h6><\/figcaption><\/figure><\/a><\/div><div class=\"grve-isotope-item  grve-masonry-w2\"><a href=\"https:\/\/weband06.bodrix.eu\/wp-content\/uploads\/2026\/03\/WhatsApp-Image-2026-03-11-at-19.49.07.jpeg\"><figure class=\"grve-image-hover grve-zoom-in\"><div class=\"grve-media grve-dark-overlay grve-opacity-60\"><img loading=\"lazy\" decoding=\"async\" width=\"560\" height=\"315\" src=\"https:\/\/weband06.bodrix.eu\/wp-content\/uploads\/2026\/03\/WhatsApp-Image-2026-03-11-at-19.49.07-560x315.jpeg\" class=\"attachment-grve-image-small-rect-horizontal size-grve-image-small-rect-horizontal\" alt=\"\" \/><\/div><figcaption><h6 class=\"grve-title grve-dark\">WhatsApp Image 2026-03-11 at 19.49.07<\/h6><\/figcaption><\/figure><\/a><\/div><div class=\"grve-isotope-item  grve-masonry-image\"><a href=\"https:\/\/weband06.bodrix.eu\/wp-content\/uploads\/2026\/03\/WhatsApp-Image-2026-03-11-at-19.49.09-3.jpeg\"><figure class=\"grve-image-hover grve-zoom-in\"><div class=\"grve-media grve-dark-overlay grve-opacity-60\"><img loading=\"lazy\" decoding=\"async\" width=\"560\" height=\"560\" src=\"https:\/\/weband06.bodrix.eu\/wp-content\/uploads\/2026\/03\/WhatsApp-Image-2026-03-11-at-19.49.09-3-560x560.jpeg\" class=\"attachment-grve-image-small-square size-grve-image-small-square\" alt=\"\" srcset=\"https:\/\/weband06.bodrix.eu\/wp-content\/uploads\/2026\/03\/WhatsApp-Image-2026-03-11-at-19.49.09-3-560x560.jpeg 560w, https:\/\/weband06.bodrix.eu\/wp-content\/uploads\/2026\/03\/WhatsApp-Image-2026-03-11-at-19.49.09-3-150x150.jpeg 150w, https:\/\/weband06.bodrix.eu\/wp-content\/uploads\/2026\/03\/WhatsApp-Image-2026-03-11-at-19.49.09-3-80x80.jpeg 80w\" sizes=\"auto, (max-width: 560px) 100vw, 560px\" \/><\/div><figcaption><h6 class=\"grve-title grve-dark\">WhatsApp Image 2026-03-11 at 19.49.09 (3)<\/h6><\/figcaption><\/figure><\/a><\/div><div class=\"grve-isotope-item  grve-masonry-image\"><a href=\"https:\/\/weband06.bodrix.eu\/wp-content\/uploads\/2026\/03\/WhatsApp-Image-2026-03-11-at-19.49.09-5.jpeg\"><figure class=\"grve-image-hover grve-zoom-in\"><div class=\"grve-media grve-dark-overlay grve-opacity-60\"><img loading=\"lazy\" decoding=\"async\" width=\"560\" height=\"560\" src=\"https:\/\/weband06.bodrix.eu\/wp-content\/uploads\/2026\/03\/WhatsApp-Image-2026-03-11-at-19.49.09-5-560x560.jpeg\" class=\"attachment-grve-image-small-square size-grve-image-small-square\" alt=\"\" srcset=\"https:\/\/weband06.bodrix.eu\/wp-content\/uploads\/2026\/03\/WhatsApp-Image-2026-03-11-at-19.49.09-5-560x560.jpeg 560w, https:\/\/weband06.bodrix.eu\/wp-content\/uploads\/2026\/03\/WhatsApp-Image-2026-03-11-at-19.49.09-5-150x150.jpeg 150w, https:\/\/weband06.bodrix.eu\/wp-content\/uploads\/2026\/03\/WhatsApp-Image-2026-03-11-at-19.49.09-5-80x80.jpeg 80w\" sizes=\"auto, (max-width: 560px) 100vw, 560px\" \/><\/div><figcaption><h6 class=\"grve-title grve-dark\">WhatsApp Image 2026-03-11 at 19.49.09 (5)<\/h6><\/figcaption><\/figure><\/a><\/div><div class=\"grve-isotope-item  grve-masonry-image\"><a href=\"https:\/\/weband06.bodrix.eu\/wp-content\/uploads\/2026\/03\/WhatsApp-Image-2026-03-11-at-19.49.09-6.jpeg\"><figure class=\"grve-image-hover grve-zoom-in\"><div class=\"grve-media grve-dark-overlay grve-opacity-60\"><img loading=\"lazy\" decoding=\"async\" width=\"560\" height=\"560\" src=\"https:\/\/weband06.bodrix.eu\/wp-content\/uploads\/2026\/03\/WhatsApp-Image-2026-03-11-at-19.49.09-6-560x560.jpeg\" class=\"attachment-grve-image-small-square size-grve-image-small-square\" alt=\"\" srcset=\"https:\/\/weband06.bodrix.eu\/wp-content\/uploads\/2026\/03\/WhatsApp-Image-2026-03-11-at-19.49.09-6-560x560.jpeg 560w, https:\/\/weband06.bodrix.eu\/wp-content\/uploads\/2026\/03\/WhatsApp-Image-2026-03-11-at-19.49.09-6-150x150.jpeg 150w, https:\/\/weband06.bodrix.eu\/wp-content\/uploads\/2026\/03\/WhatsApp-Image-2026-03-11-at-19.49.09-6-80x80.jpeg 80w\" sizes=\"auto, (max-width: 560px) 100vw, 560px\" \/><\/div><figcaption><h6 class=\"grve-title grve-dark\">WhatsApp Image 2026-03-11 at 19.49.09 (6)<\/h6><\/figcaption><\/figure><\/a><\/div><div class=\"grve-isotope-item  grve-masonry-w2\"><a href=\"https:\/\/weband06.bodrix.eu\/wp-content\/uploads\/2026\/03\/WhatsApp-Image-2026-03-11-at-19.49.09-8.jpeg\"><figure class=\"grve-image-hover grve-zoom-in\"><div class=\"grve-media grve-dark-overlay grve-opacity-60\"><img loading=\"lazy\" decoding=\"async\" width=\"560\" height=\"315\" src=\"https:\/\/weband06.bodrix.eu\/wp-content\/uploads\/2026\/03\/WhatsApp-Image-2026-03-11-at-19.49.09-8-560x315.jpeg\" class=\"attachment-grve-image-small-rect-horizontal size-grve-image-small-rect-horizontal\" alt=\"\" srcset=\"https:\/\/weband06.bodrix.eu\/wp-content\/uploads\/2026\/03\/WhatsApp-Image-2026-03-11-at-19.49.09-8-560x315.jpeg 560w, https:\/\/weband06.bodrix.eu\/wp-content\/uploads\/2026\/03\/WhatsApp-Image-2026-03-11-at-19.49.09-8-1170x658.jpeg 1170w\" sizes=\"auto, (max-width: 560px) 100vw, 560px\" \/><\/div><figcaption><h6 class=\"grve-title grve-dark\">WhatsApp Image 2026-03-11 at 19.49.09 (8)<\/h6><\/figcaption><\/figure><\/a><\/div><div class=\"grve-isotope-item  grve-masonry-image\"><a href=\"https:\/\/weband06.bodrix.eu\/wp-content\/uploads\/2026\/03\/WhatsApp-Image-2026-03-11-at-19.49.09-9.jpeg\"><figure class=\"grve-image-hover grve-zoom-in\"><div class=\"grve-media grve-dark-overlay grve-opacity-60\"><img loading=\"lazy\" decoding=\"async\" width=\"560\" height=\"560\" src=\"https:\/\/weband06.bodrix.eu\/wp-content\/uploads\/2026\/03\/WhatsApp-Image-2026-03-11-at-19.49.09-9-560x560.jpeg\" class=\"attachment-grve-image-small-square size-grve-image-small-square\" alt=\"\" srcset=\"https:\/\/weband06.bodrix.eu\/wp-content\/uploads\/2026\/03\/WhatsApp-Image-2026-03-11-at-19.49.09-9-560x560.jpeg 560w, https:\/\/weband06.bodrix.eu\/wp-content\/uploads\/2026\/03\/WhatsApp-Image-2026-03-11-at-19.49.09-9-150x150.jpeg 150w, https:\/\/weband06.bodrix.eu\/wp-content\/uploads\/2026\/03\/WhatsApp-Image-2026-03-11-at-19.49.09-9-80x80.jpeg 80w\" sizes=\"auto, (max-width: 560px) 100vw, 560px\" \/><\/div><figcaption><h6 class=\"grve-title grve-dark\">WhatsApp Image 2026-03-11 at 19.49.09 (9)<\/h6><\/figcaption><\/figure><\/a><\/div><div class=\"grve-isotope-item  grve-masonry-image\"><a href=\"https:\/\/weband06.bodrix.eu\/wp-content\/uploads\/2026\/03\/WhatsApp-Image-2026-03-11-at-19.49.09-10.jpeg\"><figure class=\"grve-image-hover grve-zoom-in\"><div class=\"grve-media grve-dark-overlay grve-opacity-60\"><img loading=\"lazy\" decoding=\"async\" width=\"560\" height=\"560\" src=\"https:\/\/weband06.bodrix.eu\/wp-content\/uploads\/2026\/03\/WhatsApp-Image-2026-03-11-at-19.49.09-10-560x560.jpeg\" class=\"attachment-grve-image-small-square size-grve-image-small-square\" alt=\"\" srcset=\"https:\/\/weband06.bodrix.eu\/wp-content\/uploads\/2026\/03\/WhatsApp-Image-2026-03-11-at-19.49.09-10-560x560.jpeg 560w, https:\/\/weband06.bodrix.eu\/wp-content\/uploads\/2026\/03\/WhatsApp-Image-2026-03-11-at-19.49.09-10-150x150.jpeg 150w, https:\/\/weband06.bodrix.eu\/wp-content\/uploads\/2026\/03\/WhatsApp-Image-2026-03-11-at-19.49.09-10-80x80.jpeg 80w\" sizes=\"auto, (max-width: 560px) 100vw, 560px\" \/><\/div><figcaption><h6 class=\"grve-title grve-dark\">WhatsApp Image 2026-03-11 at 19.49.09 (10)<\/h6><\/figcaption><\/figure><\/a><\/div><div class=\"grve-isotope-item  grve-masonry-image\"><a href=\"https:\/\/weband06.bodrix.eu\/wp-content\/uploads\/2026\/03\/WhatsApp-Image-2026-03-11-at-19.49.09-11.jpeg\"><figure class=\"grve-image-hover grve-zoom-in\"><div class=\"grve-media grve-dark-overlay grve-opacity-60\"><img loading=\"lazy\" decoding=\"async\" width=\"560\" height=\"560\" src=\"https:\/\/weband06.bodrix.eu\/wp-content\/uploads\/2026\/03\/WhatsApp-Image-2026-03-11-at-19.49.09-11-560x560.jpeg\" class=\"attachment-grve-image-small-square size-grve-image-small-square\" alt=\"\" srcset=\"https:\/\/weband06.bodrix.eu\/wp-content\/uploads\/2026\/03\/WhatsApp-Image-2026-03-11-at-19.49.09-11-560x560.jpeg 560w, https:\/\/weband06.bodrix.eu\/wp-content\/uploads\/2026\/03\/WhatsApp-Image-2026-03-11-at-19.49.09-11-150x150.jpeg 150w, https:\/\/weband06.bodrix.eu\/wp-content\/uploads\/2026\/03\/WhatsApp-Image-2026-03-11-at-19.49.09-11-80x80.jpeg 80w\" sizes=\"auto, (max-width: 560px) 100vw, 560px\" \/><\/div><figcaption><h6 class=\"grve-title grve-dark\">WhatsApp Image 2026-03-11 at 19.49.09 (11)<\/h6><\/figcaption><\/figure><\/a><\/div><div class=\"grve-isotope-item  grve-masonry-w2\"><a href=\"https:\/\/weband06.bodrix.eu\/wp-content\/uploads\/2026\/03\/WhatsApp-Image-2026-03-11-at-19.49.09-12.jpeg\"><figure class=\"grve-image-hover grve-zoom-in\"><div class=\"grve-media grve-dark-overlay grve-opacity-60\"><img loading=\"lazy\" decoding=\"async\" width=\"560\" height=\"315\" src=\"https:\/\/weband06.bodrix.eu\/wp-content\/uploads\/2026\/03\/WhatsApp-Image-2026-03-11-at-19.49.09-12-560x315.jpeg\" class=\"attachment-grve-image-small-rect-horizontal size-grve-image-small-rect-horizontal\" alt=\"\" srcset=\"https:\/\/weband06.bodrix.eu\/wp-content\/uploads\/2026\/03\/WhatsApp-Image-2026-03-11-at-19.49.09-12-560x315.jpeg 560w, https:\/\/weband06.bodrix.eu\/wp-content\/uploads\/2026\/03\/WhatsApp-Image-2026-03-11-at-19.49.09-12-1170x658.jpeg 1170w\" sizes=\"auto, (max-width: 560px) 100vw, 560px\" \/><\/div><figcaption><h6 class=\"grve-title grve-dark\">WhatsApp Image 2026-03-11 at 19.49.09 (12)<\/h6><\/figcaption><\/figure><\/a><\/div><\/div><\/div>[vc_empty_space][\/vc_column][\/vc_row][vc_row][vc_column][vc_column_text]<\/p>\n<h3 style=\"text-align: center;\">Sensibilisation \u00e0 la solidarit\u00e9<\/h3>\n<p>[\/vc_column_text]<div class=\"grve-element grve-image grve-align-center\" style=\"\"><img loading=\"lazy\" decoding=\"async\" width=\"724\" height=\"1024\" src=\"https:\/\/weband06.bodrix.eu\/wp-content\/uploads\/2026\/03\/WhatsApp-Image-2026-03-11-at-19.55.06-724x1024.jpeg\" class=\"attachment-large size-large\" alt=\"\" srcset=\"https:\/\/weband06.bodrix.eu\/wp-content\/uploads\/2026\/03\/WhatsApp-Image-2026-03-11-at-19.55.06-724x1024.jpeg 724w, https:\/\/weband06.bodrix.eu\/wp-content\/uploads\/2026\/03\/WhatsApp-Image-2026-03-11-at-19.55.06-212x300.jpeg 212w, https:\/\/weband06.bodrix.eu\/wp-content\/uploads\/2026\/03\/WhatsApp-Image-2026-03-11-at-19.55.06-768x1086.jpeg 768w, https:\/\/weband06.bodrix.eu\/wp-content\/uploads\/2026\/03\/WhatsApp-Image-2026-03-11-at-19.55.06-1086x1536.jpeg 1086w, https:\/\/weband06.bodrix.eu\/wp-content\/uploads\/2026\/03\/WhatsApp-Image-2026-03-11-at-19.55.06.jpeg 1131w\" sizes=\"auto, (max-width: 724px) 100vw, 724px\" \/><\/div>[vc_empty_space][\/vc_column][\/vc_row][vc_row][vc_column][vc_column_text]<\/p>\n<h3 style=\"text-align: center;\">Projet \u00e9ducation par le sport<\/h3>\n<p>[\/vc_column_text]<div class=\"grve-element grve-gallery grve-isotope grve-gallery-popup\" style=\"\" data-gutter=\"yes\" data-type=\"3-columns\" data-layout=\"masonry\"><div class=\"grve-isotope-container\"><div class=\"grve-isotope-item \"><a href=\"https:\/\/weband06.bodrix.eu\/wp-content\/uploads\/2026\/03\/WhatsApp-Image-2026-03-11-at-19.56.27-2.jpeg\"><figure class=\"grve-image-hover grve-zoom-in\"><div class=\"grve-media grve-dark-overlay grve-opacity-60\"><img loading=\"lazy\" decoding=\"async\" width=\"768\" height=\"1024\" src=\"https:\/\/weband06.bodrix.eu\/wp-content\/uploads\/2026\/03\/WhatsApp-Image-2026-03-11-at-19.56.27-2-768x1024.jpeg\" class=\"attachment-large size-large\" alt=\"\" srcset=\"https:\/\/weband06.bodrix.eu\/wp-content\/uploads\/2026\/03\/WhatsApp-Image-2026-03-11-at-19.56.27-2-768x1024.jpeg 768w, https:\/\/weband06.bodrix.eu\/wp-content\/uploads\/2026\/03\/WhatsApp-Image-2026-03-11-at-19.56.27-2-225x300.jpeg 225w, https:\/\/weband06.bodrix.eu\/wp-content\/uploads\/2026\/03\/WhatsApp-Image-2026-03-11-at-19.56.27-2.jpeg 810w\" sizes=\"auto, (max-width: 768px) 100vw, 768px\" \/><\/div><figcaption><h6 class=\"grve-title grve-dark\">WhatsApp Image 2026-03-11 at 19.56.27 (2)<\/h6><\/figcaption><\/figure><\/a><\/div><div class=\"grve-isotope-item \"><a href=\"https:\/\/weband06.bodrix.eu\/wp-content\/uploads\/2026\/03\/WhatsApp-Image-2026-03-11-at-19.56.27-1.jpeg\"><figure class=\"grve-image-hover grve-zoom-in\"><div class=\"grve-media grve-dark-overlay grve-opacity-60\"><img loading=\"lazy\" decoding=\"async\" width=\"1024\" height=\"576\" src=\"https:\/\/weband06.bodrix.eu\/wp-content\/uploads\/2026\/03\/WhatsApp-Image-2026-03-11-at-19.56.27-1-1024x576.jpeg\" class=\"attachment-large size-large\" alt=\"\" srcset=\"https:\/\/weband06.bodrix.eu\/wp-content\/uploads\/2026\/03\/WhatsApp-Image-2026-03-11-at-19.56.27-1-1024x576.jpeg 1024w, https:\/\/weband06.bodrix.eu\/wp-content\/uploads\/2026\/03\/WhatsApp-Image-2026-03-11-at-19.56.27-1-300x169.jpeg 300w, https:\/\/weband06.bodrix.eu\/wp-content\/uploads\/2026\/03\/WhatsApp-Image-2026-03-11-at-19.56.27-1-768x432.jpeg 768w, https:\/\/weband06.bodrix.eu\/wp-content\/uploads\/2026\/03\/WhatsApp-Image-2026-03-11-at-19.56.27-1-560x315.jpeg 560w, https:\/\/weband06.bodrix.eu\/wp-content\/uploads\/2026\/03\/WhatsApp-Image-2026-03-11-at-19.56.27-1.jpeg 1080w\" sizes=\"auto, (max-width: 1024px) 100vw, 1024px\" \/><\/div><figcaption><h6 class=\"grve-title grve-dark\">WhatsApp Image 2026-03-11 at 19.56.27 (1)<\/h6><\/figcaption><\/figure><\/a><\/div><div class=\"grve-isotope-item \"><a href=\"https:\/\/weband06.bodrix.eu\/wp-content\/uploads\/2026\/03\/WhatsApp-Image-2026-03-11-at-19.56.27-3.jpeg\"><figure class=\"grve-image-hover grve-zoom-in\"><div class=\"grve-media grve-dark-overlay grve-opacity-60\"><img loading=\"lazy\" decoding=\"async\" width=\"762\" height=\"1016\" src=\"https:\/\/weband06.bodrix.eu\/wp-content\/uploads\/2026\/03\/WhatsApp-Image-2026-03-11-at-19.56.27-3.jpeg\" class=\"attachment-large size-large\" alt=\"\" srcset=\"https:\/\/weband06.bodrix.eu\/wp-content\/uploads\/2026\/03\/WhatsApp-Image-2026-03-11-at-19.56.27-3.jpeg 762w, https:\/\/weband06.bodrix.eu\/wp-content\/uploads\/2026\/03\/WhatsApp-Image-2026-03-11-at-19.56.27-3-225x300.jpeg 225w\" sizes=\"auto, (max-width: 762px) 100vw, 762px\" \/><\/div><figcaption><h6 class=\"grve-title grve-dark\">WhatsApp Image 2026-03-11 at 19.56.27 (3)<\/h6><\/figcaption><\/figure><\/a><\/div><div class=\"grve-isotope-item \"><a href=\"https:\/\/weband06.bodrix.eu\/wp-content\/uploads\/2026\/03\/WhatsApp-Image-2026-03-11-at-19.56.27.jpeg\"><figure class=\"grve-image-hover grve-zoom-in\"><div class=\"grve-media grve-dark-overlay grve-opacity-60\"><img loading=\"lazy\" decoding=\"async\" width=\"575\" height=\"1024\" src=\"https:\/\/weband06.bodrix.eu\/wp-content\/uploads\/2026\/03\/WhatsApp-Image-2026-03-11-at-19.56.27-575x1024.jpeg\" class=\"attachment-large size-large\" alt=\"\" srcset=\"https:\/\/weband06.bodrix.eu\/wp-content\/uploads\/2026\/03\/WhatsApp-Image-2026-03-11-at-19.56.27-575x1024.jpeg 575w, https:\/\/weband06.bodrix.eu\/wp-content\/uploads\/2026\/03\/WhatsApp-Image-2026-03-11-at-19.56.27-169x300.jpeg 169w, https:\/\/weband06.bodrix.eu\/wp-content\/uploads\/2026\/03\/WhatsApp-Image-2026-03-11-at-19.56.27.jpeg 719w\" sizes=\"auto, (max-width: 575px) 100vw, 575px\" \/><\/div><figcaption><h6 class=\"grve-title grve-dark\">WhatsApp Image 2026-03-11 at 19.56.27<\/h6><\/figcaption><\/figure><\/a><\/div><\/div><\/div>[vc_empty_space][\/vc_column][\/vc_row]<\/p>\n<\/div>","protected":false},"excerpt":{"rendered":"<p>[vc_row][vc_column][vc_column_text] Dons de mat\u00e9riel scolaire et didactique envoy\u00e9s \u00e0 Bukavu \u00e0 l\u2019EP Matendo et \u00e0 l\u2019institut de la Fraternit\u00e9. [\/vc_column_text][vc_empty_space][\/vc_column][\/vc_row][vc_row][vc_column][vc_column_text] Sensibilisation \u00e0 la solidarit\u00e9 [\/vc_column_text][vc_empty_space][\/vc_column][\/vc_row][vc_row][vc_column][vc_column_text] Projet \u00e9ducation par le sport [\/vc_column_text][vc_empty_space][\/vc_column][\/vc_row]<\/p>\n","protected":false},"author":1,"featured_media":0,"parent":0,"menu_order":0,"comment_status":"closed","ping_status":"closed","template":"","meta":{"footnotes":""},"class_list":["post-1905","page","type-page","status-publish","hentry"],"_links":{"self":[{"href":"https:\/\/weband06.bodrix.eu\/index.php\/wp-json\/wp\/v2\/pages\/1905","targetHints":{"allow":["GET"]}}],"collection":[{"href":"https:\/\/weband06.bodrix.eu\/index.php\/wp-json\/wp\/v2\/pages"}],"about":[{"href":"https:\/\/weband06.bodrix.eu\/index.php\/wp-json\/wp\/v2\/types\/page"}],"author":[{"embeddable":true,"href":"https:\/\/weband06.bodrix.eu\/index.php\/wp-json\/wp\/v2\/users\/1"}],"replies":[{"embeddable":true,"href":"https:\/\/weband06.bodrix.eu\/index.php\/wp-json\/wp\/v2\/comments?post=1905"}],"version-history":[{"count":5,"href":"https:\/\/weband06.bodrix.eu\/index.php\/wp-json\/wp\/v2\/pages\/1905\/revisions"}],"predecessor-version":[{"id":1937,"href":"https:\/\/weband06.bodrix.eu\/index.php\/wp-json\/wp\/v2\/pages\/1905\/revisions\/1937"}],"wp:attachment":[{"href":"https:\/\/weband06.bodrix.eu\/index.php\/wp-json\/wp\/v2\/media?parent=1905"}],"curies":[{"name":"wp","href":"https:\/\/api.w.org\/{rel}","templated":true}]}}