{"id":1819,"date":"2026-03-04T07:55:47","date_gmt":"2026-03-04T07:55:47","guid":{"rendered":"https:\/\/weband06.bodrix.eu\/?page_id=1819"},"modified":"2026-03-08T15:04:57","modified_gmt":"2026-03-08T15:04:57","slug":"bukavu-et-ses-defis-environnementaux","status":"publish","type":"page","link":"https:\/\/weband06.bodrix.eu\/index.php\/bukavu-et-ses-defis-environnementaux\/","title":{"rendered":"Bukavu et ses d\u00e9fis environnementaux"},"content":{"rendered":"<div class=\"wpb-content-wrapper\"><p>[vc_row][vc_column][vc_column_text]<\/p>\n<h3><strong>La participation de la diaspora comme levier de solution \u00e0 travers le projet \u00abMazingira Act\u00bb<\/strong><\/h3>\n<p><strong>Nich\u00e9e entre les collines verdoyantes et les eaux autrefois cristallines du lac Kivu, la ville de Bukavu traverse une crise environnementale sans pr\u00e9c\u00e9dent. Urbanisation anarchique, gestion d\u00e9faillante des d\u00e9chets et \u00e9rosion des sols menacent l&#8217;\u00e9cosyst\u00e8me urbain. Pourtant, face \u00e0 ce tableau sombre, une lueur d\u2019espoir \u00e9merge de la collaboration transcontinentale. Le projet\u00a0\u00ab Mazingira Act \u00bb, fruit d\u2019une alliance strat\u00e9gique entre l\u2019expertise locale de l\u2019ASBL\u00a0Vijana Shujaa\u00a0et l\u2019engagement de la diaspora congolaise de Belgique via l\u2019APEDF ASBL, red\u00e9finit les contours de la r\u00e9silience environnementale.<\/strong>[\/vc_column_text][vc_empty_space][\/vc_column][\/vc_row][vc_row][vc_column width=&#8221;1\/2&#8243;]<div class=\"grve-element grve-image grve-animated-item grve-fadeInLeft grve-align-left\" style=\"\" data-delay=\"200\"><img loading=\"lazy\" decoding=\"async\" width=\"1024\" height=\"1536\" src=\"https:\/\/weband06.bodrix.eu\/wp-content\/uploads\/2026\/03\/ChatGPT-Image-4-mars-2026-09_04_57.png\" class=\"attachment-full size-full\" alt=\"\" srcset=\"https:\/\/weband06.bodrix.eu\/wp-content\/uploads\/2026\/03\/ChatGPT-Image-4-mars-2026-09_04_57.png 1024w, https:\/\/weband06.bodrix.eu\/wp-content\/uploads\/2026\/03\/ChatGPT-Image-4-mars-2026-09_04_57-200x300.png 200w, https:\/\/weband06.bodrix.eu\/wp-content\/uploads\/2026\/03\/ChatGPT-Image-4-mars-2026-09_04_57-683x1024.png 683w, https:\/\/weband06.bodrix.eu\/wp-content\/uploads\/2026\/03\/ChatGPT-Image-4-mars-2026-09_04_57-768x1152.png 768w\" sizes=\"auto, (max-width: 1024px) 100vw, 1024px\" \/><\/div>[vc_column_text]<em>[@Photo g\u00e9n\u00e9r\u00e9e par I.A.]<\/em>[\/vc_column_text][vc_empty_space][\/vc_column][vc_column width=&#8221;1\/2&#8243;][vc_column_text]<\/p>\n<h3>Un diagnostic alarmant pour la &#8220;Ville Verte&#8221;<\/h3>\n<p>Bukavu ne porte plus que le souvenir de son surnom de \u00ab ville verte \u00bb. Aujourd\u2019hui, la saturation des d\u00e9charges sauvages et l&#8217;obstruction des collecteurs d&#8217;eau par les plastiques provoquent des inondations r\u00e9currentes et des catastrophes humaines. C\u2019est dans ce contexte d\u2019urgence que le projet Mazingira Act a \u00e9t\u00e9 con\u00e7u.<\/p>\n<p>Loin des solutions impos\u00e9es d&#8217;en haut, ce projet est n\u00e9 d\u2019un constat partag\u00e9 : la solution ne peut \u00eatre que collective, impliquant \u00e0 la fois ceux qui vivent sur place et ceux qui, depuis l&#8217;ext\u00e9rieur, souhaitent contribuer au rel\u00e8vement de leur terre d&#8217;origine.<\/p>\n<p>L\u2019originalit\u00e9 de Mazingira Act r\u00e9side dans son mod\u00e8le op\u00e9rationnel. L\u2019<strong>APEDF ASBL<\/strong>\u00a0(Actions pour la Promotion de l\u2019\u00c9ducation et les Droits Fondamentaux (APEDF ASBL), bas\u00e9e en Belgique, n\u2019est pas intervenue en simple donateur passif. Elle a compris que pour r\u00e9ussir, il fallait s\u2019appuyer sur une\u00a0<strong>expertise de terrain solide<\/strong>.<\/p>\n<p>En s&#8217;associant \u00e0\u00a0<strong>Vijana Shujaa ASBL<\/strong>, une organisation de jeunes leaders locaux, l&#8217;APEDF a inject\u00e9 des ressources et une exp\u00e9rience organisationnelle europ\u00e9enne dans un terreau de connaissances locales approfondies. Ce transfert de comp\u00e9tences bidirectionnel a permis de transformer des id\u00e9es th\u00e9oriques en actions concr\u00e8tes. L&#8217;APEDF a apport\u00e9 l&#8217;effort \u00e0 l&#8217;exp\u00e9rience existante de Vijana Shujaa, cr\u00e9ant une synergie capable de mobiliser les communaut\u00e9s.[\/vc_column_text][\/vc_column][\/vc_row][vc_row][vc_column][vc_column_text]<\/p>\n<h3>Mazingira Act : Des solutions multidimensionnelles<\/h3>\n<p>Le projet Mazingira Act a propos\u00e9 une approche triple de solotions pour contribuer aux efforts d\u00e9j\u00e0 fournis pour asainir la ville de bukavu dont l\u2019intervention a b\u00e9n\u00e9fici\u00e9 de l&#8217;appui financier de la F\u00e9d\u00e9ration Wallonie-Bruxelles International (WBI), dans le cadre de son \u00e9dition 2024 du programme de \u00ab cofinancement de projets d\u2019\u00e9ducation \u00e0 la citoyennet\u00e9 mondiale et aux objectifs de d\u00e9veloppement durable \u00bb. Introduit par une dynamique soutenue de renforcement des capacit\u00e9s techniques et p\u00e9dagogiques des acteurs cl\u00e9s du projet. \u00c0 travers une s\u00e9rie de cycles de formations th\u00e9matiques, le projet Mazingira a investi dans le capital humain pour garantir non seulement l&#8217;efficacit\u00e9 op\u00e9rationnelle de ses interventions de terrain, mais aussi la qualit\u00e9 du message \u00e9ducatif port\u00e9 aupr\u00e8s des jeunes et de la communaut\u00e9. Au total, cinq sessions majeures ont \u00e9t\u00e9 structur\u00e9es autour de deux axes principaux : l&#8217;action civique environnementale et l&#8217;excellence p\u00e9dagogique en milieu scolaire.<\/p>\n<ol start=\"2\">\n<li><strong>Premi\u00e8re solution\u00a0: sensibilisation parascolaire, <\/strong>qui a \u00e9t\u00e9 propos\u00e9 dans le paquet d\u2019activit\u00e9s du projet \u00ab pour favoriser l&#8217;\u00e9mergence d&#8217;une conscience environnementale d\u00e8s le plus jeune \u00e2ge \u00bb, le projet Mazingira Act a d\u00e9ploy\u00e9 un programme de sensibilisation intensive au sein de trois \u00e9tablissements scolaires s\u00e9lectionn\u00e9s. En ciblant une \u00e9cole par commune dans les zones urbano-rurales.Ces s\u00e9ances se sont \u00e9tal\u00e9e sur une p\u00e9riode de sept mois, de mai \u00e0 novembre 2025. La strat\u00e9gie d\u2019intervention reposait sur un mod\u00e8le de transmission en cascade. Suite \u00e0 la formation des moniteurs \u00e9ducatifs, un manuel de sensibilisation sp\u00e9cialis\u00e9 a \u00e9t\u00e9 con\u00e7u, illustr\u00e9 et imprim\u00e9. Ce support didactique a \u00e9t\u00e9 distribu\u00e9 aux moniteurs, aux enseignants, puis aux \u00e9l\u00e8ves, servant de socle de r\u00e9f\u00e9rence pour les bonnes pratiques environnementales \u00e0 l\u2019issue desquelles les Clubs \u00c9co-citoyens Mazingira ont \u00e9t\u00e9 cr\u00e9\u00e9s dans chaque \u00e9tablissement pour servir de cadre aux \u00e9l\u00e8ves m\u00eame apr\u00e8s projet pour approfondir les discussions et organiser des activit\u00e9s de mani\u00e8re autonome.<\/li>\n<li><strong>Deuxi\u00e8me solution : Production et diffusion d&#8217;\u00e9missions radio de sensibilisation, <\/strong>le projet a d\u00e9ploy\u00e9 une strat\u00e9gie de communication de proximit\u00e9 \u00e0 travers une \u00e9mission radiophonique intitul\u00e9e \u00ab Vijana na 5 Mazingira \u00bb (La Jeunesse et l&#8217;Environnement). Diffus\u00e9e sur les ondes de la radio locale Jambo FM (92.0 MHz), cette \u00e9mission qui abordait des th\u00e9matiques particuli\u00e8res telles que la gestion des d\u00e9chets, le r\u00f4le des jeunes dans l&#8217;\u00e9co-citoyennet\u00e9 et la lutte contre les pollutions urbaines, avec la participation d&#8217;experts et d&#8217;acteurs de terrain a servie de tribune pour sensibiliser la population de Bukavu, et plus sp\u00e9cifiquement la jeunesse, aux valeurs du civisme responsable et \u00e0 l&#8217;urgence de la protection de l&#8217;environnement.<\/li>\n<li><strong>Troisi\u00e8me solution : Action de nettoyage, <\/strong>des actions r\u00e9guli\u00e8res ont \u00e9t\u00e9 entreprises pour assainir les espaces publics. Ces interventions visaient non seulement la salubrit\u00e9 environnementale, mais aussi l&#8217;implication active des communaut\u00e9s locales compse\u00e9e en majorit\u00e9 par les jeunes pour une appropriation durable des solutions d&#8217;hygi\u00e8ne. Afin de p\u00e9renniser ces actions de salubrit\u00e9, la \u00ab\u00a0Brigade d\u2019Actions Civiques\u00a0\u00bb, a \u00e9t\u00e9 cr\u00e9\u00e9e, form\u00e9e et \u00e9quip\u00e9e par le projet sp\u00e9cifiquement pour ces missions. Elle est compos\u00e9e de 30 jeunes b\u00e9n\u00e9voles engag\u00e9s, r\u00e9partis \u00e0 raison de 10 jeunes par commune (Ibanda, Kadutu, Bagira), avec une repr\u00e9sentation de 15 Filles et 15 Gar\u00e7ons.<\/li>\n<\/ol>\n<p>[\/vc_column_text][vc_empty_space][\/vc_column][\/vc_row][vc_row][vc_column]<div class=\"grve-element grve-image grve-align-center\" style=\"\"><img loading=\"lazy\" decoding=\"async\" width=\"1536\" height=\"1024\" src=\"https:\/\/weband06.bodrix.eu\/wp-content\/uploads\/2026\/03\/ChatGPT-Image-4-mars-2026-09_15_58.png\" class=\"attachment-full size-full\" alt=\"\" srcset=\"https:\/\/weband06.bodrix.eu\/wp-content\/uploads\/2026\/03\/ChatGPT-Image-4-mars-2026-09_15_58.png 1536w, https:\/\/weband06.bodrix.eu\/wp-content\/uploads\/2026\/03\/ChatGPT-Image-4-mars-2026-09_15_58-300x200.png 300w, https:\/\/weband06.bodrix.eu\/wp-content\/uploads\/2026\/03\/ChatGPT-Image-4-mars-2026-09_15_58-1024x683.png 1024w, https:\/\/weband06.bodrix.eu\/wp-content\/uploads\/2026\/03\/ChatGPT-Image-4-mars-2026-09_15_58-768x512.png 768w\" sizes=\"auto, (max-width: 1536px) 100vw, 1536px\" \/><\/div>[vc_column_text]<em>[@Photo g\u00e9n\u00e9r\u00e9e par I.A.]<\/em>[\/vc_column_text][vc_empty_space][\/vc_column][\/vc_row][vc_row][vc_column][vc_column_text]Les premiers rapports du projet font \u00e9tat de r\u00e9sultats encourageants entre autres\u00a0:<\/p>\n<ul>\n<li>la collaboration entre les jeunes b\u00e9n\u00e9voles, les chefs d&#8217;avenues et les Comit\u00e9s Locaux de D\u00e9veloppement (CLD) a recr\u00e9\u00e9 un lien de confiance entre la jeunesse et les autorit\u00e9s locales et la r\u00e9gularit\u00e9 des actions (chaque samedi) a servi de plaidoyer visuel, incitant les r\u00e9sidents \u00e0 adopter des comportements plus responsables en mati\u00e8re de gestion de leurs propres d\u00e9chets.<\/li>\n<li>En offrant un micro \u00e0 la jeunesse, l&#8217;\u00e9mission a renforc\u00e9 leur responsabilit\u00e9 vis-\u00e0-vis de leur patrimoine commun et a Influenc\u00e9 sur les comportements des autorit\u00e9s locales cr\u00e9ant ainsi un pont entre les dol\u00e9ances de la population et les acteurs du changement.<\/li>\n<li>Nous observons que l&#8217;\u00e9l\u00e8ve devient un vecteur de changement au sein de son propre foyer. Les t\u00e9moignages recueillis indiquent que les enfants partagent les bonnes pratiques apprises dans les clubs (gestion des d\u00e9chets, hygi\u00e8ne, protection de la biodiversit\u00e9) avec leurs parents et leur voisinage, \u00e9tendant ainsi l&#8217;influence du projet Mazingira Act de l&#8217;\u00e9cole vers les quartiers de Bukavu.<\/li>\n<\/ul>\n<p>&#8221; l&#8217;APEDF ASBL est active \u00e0 Bukavu, depuis 2009 o\u00f9 elle collabore principalement avec des \u00e9tablissements scolaires. Parmi les exp\u00e9riences les plus enrichissantes, celle avec une ASBL locale se distingue particuli\u00e8rement. \u00ab\u00a0Cette collaboration nous a permis d\u2019explorer de nouvelles fa\u00e7ons d\u2019aider notre communaut\u00e9 et, plus largement, notre pays.\u00a0&#8221;<\/p>\n<p>Isabelle Baguma, administratrice de l&#8217;APEDF ASBL, souligne l&#8217;importance de travailler avec des organisations locales pour mener \u00e0 bien des projets de d\u00e9veloppement. &#8220;Je conseillerais vivement aux autres organisations de privil\u00e9gier cette approche plut\u00f4t que de cr\u00e9er de nouvelles structures sur place. Collaborer avec une organisation locale est \u00e0 la fois efficient et efficace,&#8221; explique-t-elle.<\/p>\n<p>Elle pr\u00e9cise que cette m\u00e9thode permet de r\u00e9duire les co\u00fbts, tant administratifs que financiers, en s&#8217;appuyant sur des ressources existantes et en \u00e9vitant les lourdeurs administratives li\u00e9es \u00e0 la cr\u00e9ation d&#8217;une nouvelle entit\u00e9. De plus, elle met en avant l&#8217;expertise locale : &#8220;Ceux qui sont sur place connaissent les probl\u00e8mes auxquels ils font face ainsi que les solutions \u00e0 y apporter. Notre r\u00f4le est de les accompagner dans l\u2019atteinte de leurs objectifs, sans imposer des solutions toutes faites qui ne seraient pas adapt\u00e9es \u00e0 leur r\u00e9alit\u00e9.&#8221;<\/p>\n<p>Musimwa Daniella, charg\u00e9e des programmes de l&#8217;ASBL Vijana Shujaa, partage \u00e9galement son exp\u00e9rience. &#8220;Le projet \u00e9tait trop particulier pour nous. Bien que nous soyons habitu\u00e9s aux actions de sensibilisation, ces ateliers de revalorisation avec les \u00e9l\u00e8ves et les actions de nettoyage des espaces publics ont \u00e9t\u00e9 particuli\u00e8rement passionnants,&#8221; t\u00e9moigne-t-elle. Elle se dit combl\u00e9e d\u2019avoir pu contribuer aux d\u00e9fis environnementaux que traverse leur entit\u00e9, comme en t\u00e9moignent les r\u00e9sultats obtenus.<\/p>\n<p>Daniella \u00e9voque \u00e9galement la qualit\u00e9 de la collaboration avec l&#8217;organisation partenaire : &#8220;Coger un projet de d\u00e9veloppement \u00e0 distance n&#8217;est pas facile, mais nous n&#8217;avons pas eu l&#8217;impression de travailler avec une organisation de la diaspora. La proximit\u00e9 ressentie \u00e9tait telle que l&#8217;on aurait dit que nous \u00e9tions dans la m\u00eame pi\u00e8ce.&#8221; Elle conclut en affirmant que cette exp\u00e9rience repr\u00e9sente une opportunit\u00e9 pr\u00e9cieuse pour aider les organisations locales \u00e0 se d\u00e9velopper et \u00e0 atteindre un niveau sup\u00e9rieur.[\/vc_column_text][vc_empty_space][\/vc_column][\/vc_row][vc_row][vc_column]<blockquote class=\"grve-element\" style=\"\"><p>H\u00e9ritier MUTIMANWA<\/p><\/blockquote>[\/vc_column][\/vc_row][vc_row][vc_column][vc_empty_space][\/vc_column][\/vc_row]<\/p>\n<\/div>","protected":false},"excerpt":{"rendered":"<p>[vc_row][vc_column][vc_column_text] La participation de la diaspora comme levier de solution \u00e0 travers le projet \u00abMazingira Act\u00bb Nich\u00e9e entre les collines verdoyantes et les eaux autrefois cristallines du lac Kivu, la ville de Bukavu traverse une crise environnementale sans pr\u00e9c\u00e9dent. Urbanisation anarchique, gestion d\u00e9faillante des d\u00e9chets et \u00e9rosion des sols menacent l&#8217;\u00e9cosyst\u00e8me urbain. Pourtant, face \u00e0 [&hellip;]<\/p>\n","protected":false},"author":1,"featured_media":0,"parent":0,"menu_order":0,"comment_status":"closed","ping_status":"closed","template":"","meta":{"footnotes":""},"class_list":["post-1819","page","type-page","status-publish","hentry"],"_links":{"self":[{"href":"https:\/\/weband06.bodrix.eu\/index.php\/wp-json\/wp\/v2\/pages\/1819","targetHints":{"allow":["GET"]}}],"collection":[{"href":"https:\/\/weband06.bodrix.eu\/index.php\/wp-json\/wp\/v2\/pages"}],"about":[{"href":"https:\/\/weband06.bodrix.eu\/index.php\/wp-json\/wp\/v2\/types\/page"}],"author":[{"embeddable":true,"href":"https:\/\/weband06.bodrix.eu\/index.php\/wp-json\/wp\/v2\/users\/1"}],"replies":[{"embeddable":true,"href":"https:\/\/weband06.bodrix.eu\/index.php\/wp-json\/wp\/v2\/comments?post=1819"}],"version-history":[{"count":9,"href":"https:\/\/weband06.bodrix.eu\/index.php\/wp-json\/wp\/v2\/pages\/1819\/revisions"}],"predecessor-version":[{"id":1897,"href":"https:\/\/weband06.bodrix.eu\/index.php\/wp-json\/wp\/v2\/pages\/1819\/revisions\/1897"}],"wp:attachment":[{"href":"https:\/\/weband06.bodrix.eu\/index.php\/wp-json\/wp\/v2\/media?parent=1819"}],"curies":[{"name":"wp","href":"https:\/\/api.w.org\/{rel}","templated":true}]}}