{"id":1792,"date":"2026-02-26T19:38:29","date_gmt":"2026-02-26T19:38:29","guid":{"rendered":"https:\/\/weband06.bodrix.eu\/?page_id=1792"},"modified":"2026-02-26T19:44:48","modified_gmt":"2026-02-26T19:44:48","slug":"editorial","status":"publish","type":"page","link":"https:\/\/weband06.bodrix.eu\/index.php\/editorial\/","title":{"rendered":"Editorial"},"content":{"rendered":"<div class=\"wpb-content-wrapper\"><p>[vc_row][vc_column][vc_column_text]<\/p>\n<h3>\u00abNe mourrez pas sans avoir jou\u00e9 votre musique int\u00e9rieure\u00bb (Dr Wayne W. Dyer).<\/h3>\n<p>En 2008, lorsque nous avons cr\u00e9\u00e9 l\u2019ASBL Actions pour la Promotion de l\u2019\u00c9ducation et des Droits Fondamentaux (APEDF), nous avions d\u00e9j\u00e0 le d\u00e9sir de mettre en place un bulletin destin\u00e9 \u00e0 relayer nos actions et nos r\u00e9flexions. Ainsi est n\u00e9 \u00ab\u00a0Eleza\u00a0\u00bb, un feuillet d\u2019information dont le premier num\u00e9ro, publi\u00e9 \u00e0 l\u2019occasion de la rentr\u00e9e scolaire 2009, visait \u00e0 sensibiliser les \u00e9l\u00e8ves du Brabant wallon \u00e0 la valeur des \u00e9tudes, et plus pr\u00e9cis\u00e9ment \u00e0 la chance qu\u2019ils ont d\u2019aller \u00e0 l\u2019\u00e9cole, contrairement \u00e0 certains enfants en R\u00e9publique D\u00e9mocratique du Congo (RDC). Le deuxi\u00e8me num\u00e9ro, quant \u00e0 lui, traitait la question de la pauvret\u00e9 comme un facteur des violences faites aux femmes.<\/p>\n<p>Pour diverses raisons, l\u2019initiative n\u2019a pas \u00e9t\u00e9 poursuivie, mais elle n\u2019a jamais quitt\u00e9 nos c\u0153urs. Avec l\u2019av\u00e8nement des r\u00e9seaux sociaux et des groupes WhatsApp, nous avons constat\u00e9 combien certaines interventions \u00e9taient riches, pertinentes et inspirantes\u2026 mais souvent \u00e9ph\u00e9m\u00e8res. Les discussions disparaissent une fois le sujet clos. Les r\u00e9actions \u00e0 chaud ne permettent pas toujours d\u2019approfondir la r\u00e9flexion, et celles et ceux qui ne font pas partie des groupes n\u2019ont pas acc\u00e8s aux \u00e9changes.<\/p>\n<p>Il devenait donc n\u00e9cessaire de cr\u00e9er un espace plus structur\u00e9, plus durable, capable de conserver la m\u00e9moire de nos id\u00e9es et de favoriser une r\u00e9flexion approfondie. C\u2019est ainsi qu\u2019est n\u00e9e l\u2019id\u00e9e de relancer notre journal, afin d\u2019en faire un v\u00e9ritable outil d\u2019\u00e9change avec le Sud, de transmission interg\u00e9n\u00e9rationnelle et de valorisation des comp\u00e9tences de notre diaspora.<\/p>\n<p>Pr\u00e8s de 17 ans plus tard, il n\u2019est pas surprenant que d\u2019autres aient \u00e9galement choisi le nom Eleza pour leur publication. Nous devions donc trouver une nouvelle identit\u00e9. Le consensus s\u2019est port\u00e9 sur \u00ab\u00a0Sauti Yetu\u00a0\u00bb, expression swahilie signifiant \u00ab Notre Voix \u00bb. Sauti Yetu est un bulletin de liaison de la diaspora congolaise. Nous constituons une force, mais nos voix sont dispers\u00e9es. La liaison est ce qui nous permet d\u2019\u00e9changer nos exp\u00e9riences, de partager nos bonnes pratiques, de nous soutenir mutuellement dans nos pays d\u2019accueil et d\u2019\u00eatre de v\u00e9ritables acteurs, tant en Belgique qu\u2019en RDC.<\/p>\n<p>Notre objectif est de faire de Sauti Yetu un v\u00e9ritable outil au service de la compr\u00e9hension et du vivre-ensemble. Dans un esprit d\u2019ouverture et de tol\u00e9rance, nous d\u00e9fendrons des valeurs li\u00e9es \u00e0 la dignit\u00e9 humaine, \u00e0 la justice sociale et \u00e0 la non-discrimination.<\/p>\n<p>Nous souhaitons \u00e9galement que Sauti Yetu soit un espace o\u00f9 toutes les voix de la diaspora puissent s\u2019exprimer. Que vous soyez artiste, entrepreneur, \u00e9ducateur ou simplement citoyen engag\u00e9, vos id\u00e9es et vos histoires sont importantes. Nous encourageons chacun d\u2019entre vous \u00e0 contribuer au bulletin, que ce soit par des articles, des t\u00e9moignages ou des r\u00e9flexions.<\/p>\n<p>Notre bulletin sera trimestriel, et sa ligne \u00e9ditoriale sera consacr\u00e9e aux faits marquants en RDC, en Belgique et sur le plan international. Former, informer, sensibiliser : telle est notre devise.<\/p>\n<p>Rejoignez-nous dans cette aventure ! Faites entendre votre voix et contribuez \u00e0 faire de Sauti Yetu un v\u00e9ritable miroir de notre communaut\u00e9.[\/vc_column_text][vc_empty_space][\/vc_column][\/vc_row][vc_row][vc_column]<blockquote class=\"grve-element\" style=\"\"><p>Isabelle Baguma<\/p><\/blockquote>[\/vc_column][\/vc_row]<\/p>\n<\/div>","protected":false},"excerpt":{"rendered":"<p>[vc_row][vc_column][vc_column_text] \u00abNe mourrez pas sans avoir jou\u00e9 votre musique int\u00e9rieure\u00bb (Dr Wayne W. Dyer). En 2008, lorsque nous avons cr\u00e9\u00e9 l\u2019ASBL Actions pour la Promotion de l\u2019\u00c9ducation et des Droits Fondamentaux (APEDF), nous avions d\u00e9j\u00e0 le d\u00e9sir de mettre en place un bulletin destin\u00e9 \u00e0 relayer nos actions et nos r\u00e9flexions. Ainsi est n\u00e9 \u00ab\u00a0Eleza\u00a0\u00bb, [&hellip;]<\/p>\n","protected":false},"author":1,"featured_media":0,"parent":0,"menu_order":0,"comment_status":"closed","ping_status":"closed","template":"","meta":{"footnotes":""},"class_list":["post-1792","page","type-page","status-publish","hentry"],"_links":{"self":[{"href":"https:\/\/weband06.bodrix.eu\/index.php\/wp-json\/wp\/v2\/pages\/1792","targetHints":{"allow":["GET"]}}],"collection":[{"href":"https:\/\/weband06.bodrix.eu\/index.php\/wp-json\/wp\/v2\/pages"}],"about":[{"href":"https:\/\/weband06.bodrix.eu\/index.php\/wp-json\/wp\/v2\/types\/page"}],"author":[{"embeddable":true,"href":"https:\/\/weband06.bodrix.eu\/index.php\/wp-json\/wp\/v2\/users\/1"}],"replies":[{"embeddable":true,"href":"https:\/\/weband06.bodrix.eu\/index.php\/wp-json\/wp\/v2\/comments?post=1792"}],"version-history":[{"count":4,"href":"https:\/\/weband06.bodrix.eu\/index.php\/wp-json\/wp\/v2\/pages\/1792\/revisions"}],"predecessor-version":[{"id":1799,"href":"https:\/\/weband06.bodrix.eu\/index.php\/wp-json\/wp\/v2\/pages\/1792\/revisions\/1799"}],"wp:attachment":[{"href":"https:\/\/weband06.bodrix.eu\/index.php\/wp-json\/wp\/v2\/media?parent=1792"}],"curies":[{"name":"wp","href":"https:\/\/api.w.org\/{rel}","templated":true}]}}