{"id":1690,"date":"2026-02-22T12:47:18","date_gmt":"2026-02-22T12:47:18","guid":{"rendered":"https:\/\/weband06.bodrix.eu\/?page_id=1690"},"modified":"2026-03-13T10:41:07","modified_gmt":"2026-03-13T10:41:07","slug":"apedf","status":"publish","type":"page","link":"https:\/\/weband06.bodrix.eu\/index.php\/apedf\/","title":{"rendered":"APEDF"},"content":{"rendered":"<div class=\"wpb-content-wrapper\"><p>[vc_row margin_bottom=&#8221;0&#8243;][vc_column]<div class=\"grve-element grve-image grve-align-center\" style=\"\"><img loading=\"lazy\" decoding=\"async\" width=\"300\" height=\"165\" src=\"https:\/\/weband06.bodrix.eu\/wp-content\/uploads\/2026\/02\/APEDF-logo-300x165.png\" class=\"attachment-medium size-medium\" alt=\"\" srcset=\"https:\/\/weband06.bodrix.eu\/wp-content\/uploads\/2026\/02\/APEDF-logo-300x165.png 300w, https:\/\/weband06.bodrix.eu\/wp-content\/uploads\/2026\/02\/APEDF-logo.png 706w\" sizes=\"auto, (max-width: 300px) 100vw, 300px\" \/><\/div>[\/vc_column][\/vc_row][vc_row padding_top=&#8221;100&#8243; padding_bottom=&#8221;100&#8243; margin_bottom=&#8221;0&#8243;][vc_column width=&#8221;1\/2&#8243; css=&#8221;.vc_custom_1416767973160{padding-right: 30px !important;}&#8221;][vc_column_text text_style=&#8221;leader-text&#8221;]<\/p>\n<p style=\"text-align: justify;\">A propos de l&#8217;APEDF asbl<\/p>\n<p>[\/vc_column_text][vc_column_text]L\u2019APEDF est une asbl belge qui a son si\u00e8ge dans la province du Brabant Wallon. Elle a \u00e9t\u00e9 cr\u00e9\u00e9e en 2009. Son groupe cible se trouve \u00e0 Bukavu, en R\u00e9publique D\u00e9mocratique du Congo( RDC).<\/p>\n<p>L\u2019APEDF asbl, y agit pour l\u2019\u00e9ducation, la dignit\u00e9 humaine et le respect des droits fondamentaux, en particulier ceux des enfants et de leurs familles.<\/p>\n<p>Nous sommes convaincus que l\u2019\u00e9ducation est un droit fondamental et un levier essentiel pour permettre \u00e0 chacun et chacune de se construire, de s\u2019\u00e9panouir et de participer pleinement \u00e0 la soci\u00e9t\u00e9. C\u2019est pourquoi nous soutenons des actions qui favorisent l\u2019acc\u00e8s \u00e0 une \u00e9ducation de qualit\u00e9, le respect des droits humains et l\u2019\u00e9galit\u00e9 des chances.<\/p>\n<p>Au-del\u00e0 de l\u2019\u00e9ducation, l\u2019APEDF accompagne les enfants et les familles afin qu\u2019ils puissent exercer leurs droits fondamentaux et acc\u00e9der \u00e0 des conditions de vie dignes, contribuant ainsi \u00e0 leur bien-\u00eatre et \u00e0 leur inclusion sociale.[\/vc_column_text][\/vc_column][vc_column width=&#8221;1\/2&#8243; css=&#8221;.vc_custom_1416767979076{padding-left: 30px !important;}&#8221;][vc_empty_space height=&#8221;72px&#8221;][vc_column_text]Concr\u00e8tement, l\u2019APEDF :<\/p>\n<ul>\n<li>soutient des projets port\u00e9s par des organisations partenaires, notamment dans les pays du Sud ;<\/li>\n<li>m\u00e8ne des actions de sensibilisation et de solidarit\u00e9 internationale ;<\/li>\n<li>collabore avec des associations locales et de la diaspora partageant les m\u00eames valeurs ;<\/li>\n<li>d\u00e9veloppe toute initiative qui contribue \u00e0 renforcer l\u2019\u00e9ducation, les droits fondamentaux et la solidarit\u00e9.<\/li>\n<\/ul>\n<p>\u00c0 travers ses actions, l\u2019APEDF place la solidarit\u00e9, la dignit\u00e9 humaine et l\u2019\u00e9galit\u00e9 au c\u0153ur de son engagement.[\/vc_column_text][\/vc_column][\/vc_row][vc_row section_type=&#8221;fullwidth-element&#8221; margin_bottom=&#8221;0&#8243;][vc_column]<div class=\"grve-element grve-hr grve-line-divider\" style=\"\"><\/div>[\/vc_column][\/vc_row][vc_row bg_type=&#8221;color&#8221; bg_color=&#8221;#f5f5f5&#8243; padding_top=&#8221;70&#8243; padding_bottom=&#8221;100&#8243; margin_bottom=&#8221;0&#8243;][vc_column][vc_row_inner][vc_column_inner]<div class=\"grve-element grve-image grve-align-center\" style=\"\"><a class=\"grve-image-popup\" href=\"https:\/\/weband06.bodrix.eu\/wp-content\/uploads\/2026\/02\/APEDF-Image1-1357x1920.png\"><img loading=\"lazy\" decoding=\"async\" width=\"1414\" height=\"2000\" src=\"https:\/\/weband06.bodrix.eu\/wp-content\/uploads\/2026\/02\/APEDF-Image1.png\" class=\"attachment-full size-full\" alt=\"\" srcset=\"https:\/\/weband06.bodrix.eu\/wp-content\/uploads\/2026\/02\/APEDF-Image1.png 1x,https:\/\/weband06.bodrix.eu\/wp-content\/uploads\/2026\/02\/APEDF-Image1.png 2x\" \/><\/a><\/div>[\/vc_column_inner][\/vc_row_inner][\/vc_column][\/vc_row][vc_row section_type=&#8221;fullwidth-element&#8221; margin_bottom=&#8221;0&#8243;][vc_column]<div class=\"grve-element grve-hr grve-line-divider\" style=\"\"><\/div>[\/vc_column][\/vc_row][vc_row][vc_column][vc_raw_html]JTVCZGZsaXAlMjBpZCUzRCUyMjE3MDclMjIlNUQlNUIlMkZkZmxpcCU1RCUyMA==[\/vc_raw_html][\/vc_column][\/vc_row][vc_row section_type=&#8221;fullwidth-element&#8221; margin_bottom=&#8221;0&#8243;][vc_column]<div class=\"grve-element grve-hr grve-line-divider\" style=\"\"><\/div>[\/vc_column][\/vc_row][vc_row footer_feature=&#8221;yes&#8221; padding_top=&#8221;100&#8243; padding_bottom=&#8221;100&#8243;][vc_column]<div class=\"grve-element grve-align-center\"><a class=\"grve-btn grve-btn-extralarge grve-extra-round grve-black-color grve-btn-line\" href=\"https:\/\/apedfblog.wordpress.com\/\" target=\"_blank\" style=\"\"><span>Visitez le blog de l'APEDF<\/span><\/a><\/div><div class=\"grve-element grve-align-center\"><a class=\"grve-btn grve-btn-extralarge grve-extra-round grve-blue-color grve-btn-line\" href=\"https:\/\/www.facebook.com\/profile.php?id=61555882632801&#038;mibextid=wwXIfr&#038;rdid=qfHSjgSLrkhbwcsk&#038;share_url=https%3A%2F%2Fwww.facebook.com%2Fshare%2F17y1dTKBs2%2F%3Fmibextid%3DwwXIfr\" target=\"_blank\" style=\"\"><span>Visitez la page Facebook de l'APEDF<\/span><\/a><\/div>[\/vc_column][\/vc_row]<\/p>\n<\/div>","protected":false},"excerpt":{"rendered":"<p>[vc_row margin_bottom=&#8221;0&#8243;][vc_column][\/vc_column][\/vc_row][vc_row padding_top=&#8221;100&#8243; padding_bottom=&#8221;100&#8243; margin_bottom=&#8221;0&#8243;][vc_column width=&#8221;1\/2&#8243; css=&#8221;.vc_custom_1416767973160{padding-right: 30px !important;}&#8221;][vc_column_text text_style=&#8221;leader-text&#8221;] A propos de l&#8217;APEDF asbl [\/vc_column_text][vc_column_text]L\u2019APEDF est une asbl belge qui a son si\u00e8ge dans la province du Brabant Wallon. Elle a \u00e9t\u00e9 cr\u00e9\u00e9e en 2009. Son groupe cible se trouve \u00e0 Bukavu, en R\u00e9publique D\u00e9mocratique du Congo( RDC). L\u2019APEDF asbl, y agit pour l\u2019\u00e9ducation, [&hellip;]<\/p>\n","protected":false},"author":1,"featured_media":0,"parent":0,"menu_order":0,"comment_status":"closed","ping_status":"closed","template":"","meta":{"footnotes":""},"class_list":["post-1690","page","type-page","status-publish","hentry"],"_links":{"self":[{"href":"https:\/\/weband06.bodrix.eu\/index.php\/wp-json\/wp\/v2\/pages\/1690","targetHints":{"allow":["GET"]}}],"collection":[{"href":"https:\/\/weband06.bodrix.eu\/index.php\/wp-json\/wp\/v2\/pages"}],"about":[{"href":"https:\/\/weband06.bodrix.eu\/index.php\/wp-json\/wp\/v2\/types\/page"}],"author":[{"embeddable":true,"href":"https:\/\/weband06.bodrix.eu\/index.php\/wp-json\/wp\/v2\/users\/1"}],"replies":[{"embeddable":true,"href":"https:\/\/weband06.bodrix.eu\/index.php\/wp-json\/wp\/v2\/comments?post=1690"}],"version-history":[{"count":4,"href":"https:\/\/weband06.bodrix.eu\/index.php\/wp-json\/wp\/v2\/pages\/1690\/revisions"}],"predecessor-version":[{"id":1939,"href":"https:\/\/weband06.bodrix.eu\/index.php\/wp-json\/wp\/v2\/pages\/1690\/revisions\/1939"}],"wp:attachment":[{"href":"https:\/\/weband06.bodrix.eu\/index.php\/wp-json\/wp\/v2\/media?parent=1690"}],"curies":[{"name":"wp","href":"https:\/\/api.w.org\/{rel}","templated":true}]}}