{"id":1614,"date":"2014-11-23T16:37:17","date_gmt":"2014-11-23T16:37:17","guid":{"rendered":"https:\/\/weband06.bodrix.eu\/index.php\/home\/"},"modified":"2026-03-08T15:01:40","modified_gmt":"2026-03-08T15:01:40","slug":"accueil","status":"publish","type":"page","link":"https:\/\/weband06.bodrix.eu\/","title":{"rendered":"Accueil"},"content":{"rendered":"<div class=\"wpb-content-wrapper\"><p>[vc_row][vc_column]<div class=\"grve-element grve-image grve-align-center\" style=\"\"><img loading=\"lazy\" decoding=\"async\" width=\"2000\" height=\"1600\" src=\"https:\/\/weband06.bodrix.eu\/wp-content\/uploads\/2026\/03\/La-discrimination-a-lemploi.jpg\" class=\"attachment-full size-full\" alt=\"\" srcset=\"https:\/\/weband06.bodrix.eu\/wp-content\/uploads\/2026\/03\/La-discrimination-a-lemploi.jpg 2000w, https:\/\/weband06.bodrix.eu\/wp-content\/uploads\/2026\/03\/La-discrimination-a-lemploi-300x240.jpg 300w, https:\/\/weband06.bodrix.eu\/wp-content\/uploads\/2026\/03\/La-discrimination-a-lemploi-1024x819.jpg 1024w, https:\/\/weband06.bodrix.eu\/wp-content\/uploads\/2026\/03\/La-discrimination-a-lemploi-768x614.jpg 768w, https:\/\/weband06.bodrix.eu\/wp-content\/uploads\/2026\/03\/La-discrimination-a-lemploi-1536x1229.jpg 1536w, https:\/\/weband06.bodrix.eu\/wp-content\/uploads\/2026\/03\/La-discrimination-a-lemploi-1920x1536.jpg 1920w\" sizes=\"auto, (max-width: 2000px) 100vw, 2000px\" \/><\/div>[\/vc_column][\/vc_row][vc_row heading_color=&#8221;light&#8221; section_type=&#8221;fullwidth-element&#8221; bg_type=&#8221;color&#8221; padding_top=&#8221;30&#8243; padding_bottom=&#8221;30&#8243; margin_bottom=&#8221;0&#8243; bg_color=&#8221;#222222&#8243; font_color=&#8221;#8c8c8c&#8221;][vc_column width=&#8221;1\/4&#8243; css=&#8221;.vc_custom_1416764863831{border-right-width: 1px !important;padding-top: 30px !important;padding-right: 2% !important;padding-bottom: 30px !important;padding-left: 2% !important;border-right-color: #424242 !important;border-right-style: solid !important;}&#8221;][vc_column_text]<\/p>\n<h6><b>Actualit\u00e9s<\/b><\/h6>\n<p>Le pouls de l&#8217;information en temps r\u00e9el<b>.<\/b>\u00a0Retrouvez ici les faits marquants, les analyses et les \u00e9v\u00e9nements r\u00e9cents qui fa\u00e7onnent la R\u00e9publique D\u00e9mocratique du Congo et le reste du monde. Une information v\u00e9rifi\u00e9e pour comprendre les enjeux d\u2019aujourd\u2019hui et de demain.[\/vc_column_text]<div class=\"grve-element grve-align-left\"><a class=\"grve-btn grve-btn-medium grve-square grve-bg-primary-1\" href=\"#\" target=\"_self\" style=\"\"><span>Voir<\/span><\/a><\/div>[\/vc_column][vc_column width=&#8221;1\/4&#8243; css=&#8221;.vc_custom_1416764881590{border-right-width: 1px !important;padding-top: 30px !important;padding-right: 2% !important;padding-bottom: 30px !important;padding-left: 2% !important;border-right-color: #424242 !important;border-right-style: solid !important;}&#8221;][vc_column_text]<\/p>\n<h6><b>Culture et D\u00e9couverte<\/b><\/h6>\n<p>L\u2019identit\u00e9 et le patrimoine \u00e0 l\u2019honneur<b>.\u00a0<\/b>Plongez au c\u0153ur de la richesse culturelle africaine. Entre traditions s\u00e9culaires et expressions artistiques modernes, nous explorons l\u2019habillement, les arts et les lieux qui font la fiert\u00e9 de nos communaut\u00e9s.[\/vc_column_text]<div class=\"grve-element grve-align-left\"><a class=\"grve-btn grve-btn-medium grve-square grve-bg-primary-1\" href=\"#\" target=\"_self\" style=\"\"><span>Voir<\/span><\/a><\/div>[\/vc_column][vc_column width=&#8221;1\/4&#8243; css=&#8221;.vc_custom_1416764899289{border-right-width: 1px !important;padding-top: 30px !important;padding-right: 2% !important;padding-bottom: 30px !important;padding-left: 2% !important;border-right-color: #424242 !important;border-right-style: solid !important;}&#8221;][vc_column_text]<\/p>\n<h6><b>Tribune et Portrait<\/b><\/h6>\n<p><b><\/b>Des id\u00e9es et des visages. Un espace d\u00e9di\u00e9 aux opinions libres, aux r\u00e9flexions citoyennes et aux parcours de vie inspirants. D\u00e9couvrez les portraits de ceux qui marquent leur \u00e9poque et les tribunes qui ouvrent le d\u00e9bat.[\/vc_column_text]<div class=\"grve-element grve-align-left\"><a class=\"grve-btn grve-btn-medium grve-square grve-bg-primary-1\" href=\"#\" target=\"_self\" style=\"\"><span>Voir<\/span><\/a><\/div>[\/vc_column][vc_column width=&#8221;1\/4&#8243; css=&#8221;.vc_custom_1416764950146{padding-top: 30px !important;padding-right: 2% !important;padding-bottom: 30px !important;padding-left: 2% !important;}&#8221;][vc_column_text]<\/p>\n<h6><b>Vie associative<\/b><\/h6>\n<p>L\u2019engagement au c\u0153ur de l\u2019action. Lumi\u00e8re sur le dynamisme de la soci\u00e9t\u00e9 civile. Suivez les initiatives, les projets de solidarit\u00e9 et les actions de terrain men\u00e9es par les associations et la diaspora pour un impact social durable.[\/vc_column_text]<div class=\"grve-element grve-align-left\"><a class=\"grve-btn grve-btn-medium grve-square grve-bg-primary-1\" href=\"#\" target=\"_self\" style=\"\"><span>Voir<\/span><\/a><\/div>[\/vc_column][\/vc_row][vc_row padding_top=&#8221;120&#8243; margin_bottom=&#8221;0&#8243;][vc_column][vc_row_inner][vc_column_inner css=&#8221;.vc_custom_1416765898309{margin-bottom: 50px !important;padding-right: 12% !important;padding-left: 12% !important;}&#8221;]<div class=\"grve-element grve-image grve-animated-item grve-fadeInDown grve-align-center\" style=\"margin-bottom: 10px;\" data-delay=\"600\"><img loading=\"lazy\" decoding=\"async\" width=\"142\" height=\"64\" src=\"https:\/\/weband06.bodrix.eu\/wp-content\/uploads\/2026\/02\/SautiYetu-logosmall.jpg\" class=\"attachment-thumbnail size-thumbnail\" alt=\"\" \/><\/div><div class=\"grve-element grve-slogan grve-align-center grve-animated-item grve-fadeInUp\" style=\"\" data-delay=\"200\"><div class=\"grve-subtitle\">Revenez-nous voir<\/div><h2 class=\"grve-slogan-title grve-align-center grve-title-no-line\"><span>Site en construction<\/span><\/h2>  <p class=\"\">Nous allons mettre \u00e0 jour les pages petit \u00e0 petit. N&#8217;h\u00e9sitez pas \u00e0 enregistrer ce site et revenir nous voir. Nous ajouterons du contenu d\u00e8s que possible.<\/p><\/div>[\/vc_column_inner][\/vc_row_inner][\/vc_column][\/vc_row]<\/p>\n<\/div>","protected":false},"excerpt":{"rendered":"<p>[vc_row][vc_column][\/vc_column][\/vc_row][vc_row heading_color=&#8221;light&#8221; section_type=&#8221;fullwidth-element&#8221; bg_type=&#8221;color&#8221; padding_top=&#8221;30&#8243; padding_bottom=&#8221;30&#8243; margin_bottom=&#8221;0&#8243; bg_color=&#8221;#222222&#8243; font_color=&#8221;#8c8c8c&#8221;][vc_column width=&#8221;1\/4&#8243; css=&#8221;.vc_custom_1416764863831{border-right-width: 1px !important;padding-top: 30px !important;padding-right: 2% !important;padding-bottom: 30px !important;padding-left: 2% !important;border-right-color: #424242 !important;border-right-style: solid !important;}&#8221;][vc_column_text] Actualit\u00e9s Le pouls de l&#8217;information en temps r\u00e9el.\u00a0Retrouvez ici les faits marquants, les analyses et les \u00e9v\u00e9nements r\u00e9cents qui fa\u00e7onnent la R\u00e9publique D\u00e9mocratique du Congo et le reste du monde. [&hellip;]<\/p>\n","protected":false},"author":1,"featured_media":0,"parent":0,"menu_order":0,"comment_status":"closed","ping_status":"closed","template":"","meta":{"footnotes":""},"class_list":["post-1614","page","type-page","status-publish","hentry"],"_links":{"self":[{"href":"https:\/\/weband06.bodrix.eu\/index.php\/wp-json\/wp\/v2\/pages\/1614","targetHints":{"allow":["GET"]}}],"collection":[{"href":"https:\/\/weband06.bodrix.eu\/index.php\/wp-json\/wp\/v2\/pages"}],"about":[{"href":"https:\/\/weband06.bodrix.eu\/index.php\/wp-json\/wp\/v2\/types\/page"}],"author":[{"embeddable":true,"href":"https:\/\/weband06.bodrix.eu\/index.php\/wp-json\/wp\/v2\/users\/1"}],"replies":[{"embeddable":true,"href":"https:\/\/weband06.bodrix.eu\/index.php\/wp-json\/wp\/v2\/comments?post=1614"}],"version-history":[{"count":19,"href":"https:\/\/weband06.bodrix.eu\/index.php\/wp-json\/wp\/v2\/pages\/1614\/revisions"}],"predecessor-version":[{"id":1894,"href":"https:\/\/weband06.bodrix.eu\/index.php\/wp-json\/wp\/v2\/pages\/1614\/revisions\/1894"}],"wp:attachment":[{"href":"https:\/\/weband06.bodrix.eu\/index.php\/wp-json\/wp\/v2\/media?parent=1614"}],"curies":[{"name":"wp","href":"https:\/\/api.w.org\/{rel}","templated":true}]}}