{"id":1612,"date":"2014-11-23T16:59:36","date_gmt":"2014-11-23T16:59:36","guid":{"rendered":"https:\/\/weband06.bodrix.eu\/index.php\/about-us\/"},"modified":"2026-02-24T19:10:00","modified_gmt":"2026-02-24T19:10:00","slug":"a-propos-de-nous","status":"publish","type":"page","link":"https:\/\/weband06.bodrix.eu\/index.php\/a-propos-de-nous\/","title":{"rendered":"A propos de nous"},"content":{"rendered":"<div class=\"wpb-content-wrapper\"><p>[vc_row margin_bottom=&#8221;0&#8243;][vc_column]<div class=\"grve-element grve-image grve-align-center\" style=\"\"><img loading=\"lazy\" decoding=\"async\" width=\"300\" height=\"130\" src=\"https:\/\/weband06.bodrix.eu\/wp-content\/uploads\/2026\/02\/original-5BE7C8EE-7027-452E-BCCE-0A4189619A491-e1771763096978-300x130.jpeg\" class=\"attachment-medium size-medium\" alt=\"\" srcset=\"https:\/\/weband06.bodrix.eu\/wp-content\/uploads\/2026\/02\/original-5BE7C8EE-7027-452E-BCCE-0A4189619A491-e1771763096978-300x130.jpeg 300w, https:\/\/weband06.bodrix.eu\/wp-content\/uploads\/2026\/02\/original-5BE7C8EE-7027-452E-BCCE-0A4189619A491-e1771763096978.jpeg 702w\" sizes=\"auto, (max-width: 300px) 100vw, 300px\" \/><\/div>[\/vc_column][\/vc_row][vc_row padding_top=&#8221;100&#8243; padding_bottom=&#8221;100&#8243; margin_bottom=&#8221;0&#8243;][vc_column width=&#8221;1\/2&#8243; css=&#8221;.vc_custom_1416767973160{padding-right: 30px !important;}&#8221;][vc_column_text text_style=&#8221;leader-text&#8221;]<\/p>\n<p style=\"text-align: justify;\">A propos du journal<\/p>\n<p>[\/vc_column_text][vc_column_text]Sauti Yetu, qui signifie \u00ab notre voix \u00bb, est le bulletin de liaison de la diaspora de la R\u00e9publique d\u00e9mocratique du Congo vivant en Belgique. Il se veut un espace d\u2019expression, de transmission interg\u00e9n\u00e9rationnelle et de dialogue interculturel.<\/p>\n<p>\u00c0 travers ses publications, Sauti Yetu a pour ambition de renforcer les liens au sein de la diaspora, de maintenir un regard attentif sur les r\u00e9alit\u00e9s de la RDC et d\u2019analyser les enjeux sociaux, citoyens et culturels li\u00e9s \u00e0 la vie en Belgique.<\/p>\n<p>Fid\u00e8le \u00e0 sa devise &#8211; Former, informer, sensibiliser &#8211; le journal met en lumi\u00e8re des t\u00e9moignages, des analyses et des initiatives associatives port\u00e9s par des Congolais et congolaises, dans le but de contribuer \u00e0 l\u2019am\u00e9lioration des conditions de vie de nos concitoyens, tant en Belgique qu\u2019en RDC.<\/p>\n<p>Sauti Yetu valorise \u00e9galement des parcours inspirants, en particulier \u00e0 destination des jeunes g\u00e9n\u00e9rations et des primo-arrivants, afin de nourrir l\u2019espoir, l\u2019engagement et le sentiment d\u2019appartenance.[\/vc_column_text][\/vc_column][vc_column width=&#8221;1\/2&#8243; css=&#8221;.vc_custom_1416767979076{padding-left: 30px !important;}&#8221;][vc_empty_space height=&#8221;72px&#8221;][vc_column_text]Le journal se veut ainsi un v\u00e9ritable outil de participation citoyenne et de construction d\u2019une diaspora congolaise inform\u00e9e, engag\u00e9e et actrice du changement, aussi bien en RDC qu\u2019en Belgique, pays d\u2019accueil.<\/p>\n<p>Ouvert \u00e0 toute contribution venant du Sud ou d\u2019ailleurs, Sauti Yetu accueille des analyses, des t\u00e9moignages, des initiatives inspirantes, des recherches de soutiens et de partenariats, ainsi que des contenus visant \u00e0 valoriser le tourisme et la culture de la RDC en Belgique.<\/p>\n<p>Sauti Yetu, sera chapeaut\u00e9 par l\u2019asbl Actions pour la Promotion de l\u2019Education et des Droits fondamentaux (APEDF), une organisation issue de la diaspora, ayant un bon encrage aussi en Belgique qu\u2019en RDC.[\/vc_column_text][\/vc_column][\/vc_row][vc_row section_type=&#8221;fullwidth-element&#8221; margin_bottom=&#8221;0&#8243;][vc_column]<div class=\"grve-element grve-hr grve-line-divider\" style=\"\"><\/div>[\/vc_column][\/vc_row][vc_row bg_type=&#8221;color&#8221; bg_color=&#8221;#f5f5f5&#8243; padding_top=&#8221;70&#8243; padding_bottom=&#8221;100&#8243; margin_bottom=&#8221;0&#8243;][vc_column][vc_row_inner][vc_column_inner width=&#8221;1\/5&#8243;]<div class=\"grve-element grve-image grve-align-center\" style=\"\"><a class=\"grve-image-popup\" href=\"https:\/\/weband06.bodrix.eu\/wp-content\/uploads\/2026\/02\/IMG_1526.jpeg\"><img loading=\"lazy\" decoding=\"async\" width=\"1563\" height=\"1563\" src=\"https:\/\/weband06.bodrix.eu\/wp-content\/uploads\/2026\/02\/IMG_1526.jpeg\" class=\"attachment-full size-full\" alt=\"\" srcset=\"https:\/\/weband06.bodrix.eu\/wp-content\/uploads\/2026\/02\/IMG_1526.jpeg 1x,https:\/\/weband06.bodrix.eu\/wp-content\/uploads\/2026\/02\/IMG_1526.jpeg 2x\" \/><\/a><\/div>[\/vc_column_inner][vc_column_inner width=&#8221;1\/5&#8243;]<div class=\"grve-element grve-image grve-align-center\" style=\"\"><a class=\"grve-image-popup\" href=\"https:\/\/weband06.bodrix.eu\/wp-content\/uploads\/2026\/02\/IMG_1527.jpeg\"><img loading=\"lazy\" decoding=\"async\" width=\"1563\" height=\"1563\" src=\"https:\/\/weband06.bodrix.eu\/wp-content\/uploads\/2026\/02\/IMG_1527.jpeg\" class=\"attachment-full size-full\" alt=\"\" srcset=\"https:\/\/weband06.bodrix.eu\/wp-content\/uploads\/2026\/02\/IMG_1527.jpeg 1x,https:\/\/weband06.bodrix.eu\/wp-content\/uploads\/2026\/02\/IMG_1527.jpeg 2x\" \/><\/a><\/div>[\/vc_column_inner][vc_column_inner width=&#8221;1\/5&#8243;]<div class=\"grve-element grve-image grve-align-center\" style=\"\"><a class=\"grve-image-popup\" href=\"https:\/\/weband06.bodrix.eu\/wp-content\/uploads\/2026\/02\/IMG_1528.jpeg\"><img loading=\"lazy\" decoding=\"async\" width=\"1563\" height=\"1563\" src=\"https:\/\/weband06.bodrix.eu\/wp-content\/uploads\/2026\/02\/IMG_1528.jpeg\" class=\"attachment-full size-full\" alt=\"\" srcset=\"https:\/\/weband06.bodrix.eu\/wp-content\/uploads\/2026\/02\/IMG_1528.jpeg 1x,https:\/\/weband06.bodrix.eu\/wp-content\/uploads\/2026\/02\/IMG_1528.jpeg 2x\" \/><\/a><\/div>[\/vc_column_inner][vc_column_inner width=&#8221;1\/5&#8243;]<div class=\"grve-element grve-image grve-align-center\" style=\"\"><a class=\"grve-image-popup\" href=\"https:\/\/weband06.bodrix.eu\/wp-content\/uploads\/2026\/02\/IMG_1529.jpeg\"><img loading=\"lazy\" decoding=\"async\" width=\"1563\" height=\"1563\" src=\"https:\/\/weband06.bodrix.eu\/wp-content\/uploads\/2026\/02\/IMG_1529.jpeg\" class=\"attachment-full size-full\" alt=\"\" srcset=\"https:\/\/weband06.bodrix.eu\/wp-content\/uploads\/2026\/02\/IMG_1529.jpeg 1x,https:\/\/weband06.bodrix.eu\/wp-content\/uploads\/2026\/02\/IMG_1529.jpeg 2x\" \/><\/a><\/div>[\/vc_column_inner][vc_column_inner width=&#8221;1\/5&#8243;]<div class=\"grve-element grve-image grve-align-center\" style=\"\"><a class=\"grve-image-popup\" href=\"https:\/\/weband06.bodrix.eu\/wp-content\/uploads\/2026\/02\/IMG_1530.jpeg\"><img loading=\"lazy\" decoding=\"async\" width=\"1563\" height=\"1563\" src=\"https:\/\/weband06.bodrix.eu\/wp-content\/uploads\/2026\/02\/IMG_1530.jpeg\" class=\"attachment-full size-full\" alt=\"\" srcset=\"https:\/\/weband06.bodrix.eu\/wp-content\/uploads\/2026\/02\/IMG_1530.jpeg 1x,https:\/\/weband06.bodrix.eu\/wp-content\/uploads\/2026\/02\/IMG_1530.jpeg 2x\" \/><\/a><\/div>[\/vc_column_inner][\/vc_row_inner][\/vc_column][\/vc_row][vc_row section_type=&#8221;fullwidth-element&#8221; margin_bottom=&#8221;0&#8243;][vc_column]<div class=\"grve-element grve-hr grve-line-divider\" style=\"\"><\/div>[\/vc_column][\/vc_row][vc_row header_feature=&#8221;yes&#8221; padding_top=&#8221;100&#8243; padding_bottom=&#8221;100&#8243; margin_bottom=&#8221;0&#8243;][vc_column width=&#8221;1\/3&#8243;]<div class=\"grve-element grve-counter grve-align-center grve-animated-item grve-fadeInUp\" style=\"\" data-delay=\"200\">  <div class=\"grve-counter-content\">    <div class=\"grve-counter-item grve-color-black\">      <span data-thousands-separator-vis=\"\" data-thousands-separator=\".\" data-prefix=\"\" data-suffix=\" ans\" data-start-val=\"0\" data-end-val=\"17\" data-decimal-points=\"0\" data-decimal-separator=\",\">0<\/span>    <\/div><h5 class=\"grve-counter-title\"><span>L'APEDF existe depuis<\/span><\/h5>  <\/div><\/div>[\/vc_column][vc_column width=&#8221;1\/3&#8243;]<div class=\"grve-element grve-counter grve-align-center grve-animated-item grve-fadeInUp\" style=\"\" data-delay=\"200\">  <div class=\"grve-counter-content\">    <div class=\"grve-counter-item grve-color-black\">      <span data-thousands-separator-vis=\"\" data-thousands-separator=\".\" data-prefix=\"\" data-suffix=\"\" data-start-val=\"0\" data-end-val=\"1100\" data-decimal-points=\"0\" data-decimal-separator=\",\">0<\/span>    <\/div><h5 class=\"grve-counter-title\"><span>Followers<\/span><\/h5>  <\/div><\/div>[\/vc_column][vc_column width=&#8221;1\/3&#8243;]<div class=\"grve-element grve-counter grve-align-center grve-animated-item grve-fadeInUp\" style=\"\" data-delay=\"200\">  <div class=\"grve-counter-content\">    <div class=\"grve-counter-item grve-color-black\">      <span data-thousands-separator-vis=\"\" data-thousands-separator=\".\" data-prefix=\"\" data-suffix=\"\" data-start-val=\"0\" data-end-val=\"5\" data-decimal-points=\"0\" data-decimal-separator=\",\">0<\/span>    <\/div><h5 class=\"grve-counter-title\"><span>Collaborateurs<\/span><\/h5>  <\/div><\/div>[\/vc_column][\/vc_row][vc_row section_type=&#8221;fullwidth-element&#8221; margin_bottom=&#8221;0&#8243;][vc_column]<div class=\"grve-element grve-hr grve-line-divider\" style=\"\"><\/div>[\/vc_column][\/vc_row][vc_row footer_feature=&#8221;yes&#8221; padding_top=&#8221;100&#8243; padding_bottom=&#8221;100&#8243;][vc_column]<div class=\"grve-element grve-align-center\"><a class=\"grve-btn grve-btn-extralarge grve-extra-round grve-black-color grve-btn-line\" href=\"https:\/\/weband06.bodrix.eu\/bulletin-trimestriel\" target=\"_self\" style=\"\"><span>D\u00e9couvrez notre bulletin trimestriel<\/span><\/a><\/div>[\/vc_column][\/vc_row]<\/p>\n<\/div>","protected":false},"excerpt":{"rendered":"<p>[vc_row margin_bottom=&#8221;0&#8243;][vc_column][\/vc_column][\/vc_row][vc_row padding_top=&#8221;100&#8243; padding_bottom=&#8221;100&#8243; margin_bottom=&#8221;0&#8243;][vc_column width=&#8221;1\/2&#8243; css=&#8221;.vc_custom_1416767973160{padding-right: 30px !important;}&#8221;][vc_column_text text_style=&#8221;leader-text&#8221;] A propos du journal [\/vc_column_text][vc_column_text]Sauti Yetu, qui signifie \u00ab notre voix \u00bb, est le bulletin de liaison de la diaspora de la R\u00e9publique d\u00e9mocratique du Congo vivant en Belgique. Il se veut un espace d\u2019expression, de transmission interg\u00e9n\u00e9rationnelle et de dialogue interculturel. \u00c0 travers ses [&hellip;]<\/p>\n","protected":false},"author":1,"featured_media":0,"parent":0,"menu_order":0,"comment_status":"closed","ping_status":"closed","template":"","meta":{"footnotes":""},"class_list":["post-1612","page","type-page","status-publish","hentry"],"_links":{"self":[{"href":"https:\/\/weband06.bodrix.eu\/index.php\/wp-json\/wp\/v2\/pages\/1612","targetHints":{"allow":["GET"]}}],"collection":[{"href":"https:\/\/weband06.bodrix.eu\/index.php\/wp-json\/wp\/v2\/pages"}],"about":[{"href":"https:\/\/weband06.bodrix.eu\/index.php\/wp-json\/wp\/v2\/types\/page"}],"author":[{"embeddable":true,"href":"https:\/\/weband06.bodrix.eu\/index.php\/wp-json\/wp\/v2\/users\/1"}],"replies":[{"embeddable":true,"href":"https:\/\/weband06.bodrix.eu\/index.php\/wp-json\/wp\/v2\/comments?post=1612"}],"version-history":[{"count":24,"href":"https:\/\/weband06.bodrix.eu\/index.php\/wp-json\/wp\/v2\/pages\/1612\/revisions"}],"predecessor-version":[{"id":1728,"href":"https:\/\/weband06.bodrix.eu\/index.php\/wp-json\/wp\/v2\/pages\/1612\/revisions\/1728"}],"wp:attachment":[{"href":"https:\/\/weband06.bodrix.eu\/index.php\/wp-json\/wp\/v2\/media?parent=1612"}],"curies":[{"name":"wp","href":"https:\/\/api.w.org\/{rel}","templated":true}]}}